{"id":193,"date":"2025-01-22T10:08:26","date_gmt":"2025-01-22T10:08:26","guid":{"rendered":"http:\/\/blekitek.pl\/?page_id=193"},"modified":"2026-02-15T10:28:27","modified_gmt":"2026-02-15T10:28:27","slug":"simon","status":"publish","type":"page","link":"http:\/\/blekitek.pl\/index.php\/simon\/","title":{"rendered":"Rodrigues"},"content":{"rendered":"\n<p>Rodrigues B\u0142\u0119kitek<\/p>\n\n\n\n<p><a href=\"https:\/\/blekitek.pl\/wp-content\/uploads\/2026\/02\/Zrzut-ekranu-2026-02-15-o-11.08.30-scaled.png\" target=\"_blank\" rel=\"noreferrer noopener\">Rodow\u00f3d<\/a><\/p>\n\n\n\n<div style=\"height:50px\" aria-hidden=\"true\" class=\"wp-block-spacer\"><\/div>\n\n\n\n<figure class=\"wp-block-gallery has-nested-images columns-default is-cropped wp-block-gallery-1 is-layout-flex wp-block-gallery-is-layout-flex\"><\/figure>\n","protected":false},"excerpt":{"rendered":"<p>Rodrigues B\u0142\u0119kitek Rodow\u00f3d<\/p>\n","protected":false},"author":1,"featured_media":0,"parent":0,"menu_order":0,"comment_status":"closed","ping_status":"closed","template":"single-page-no-sidebar-full-width","meta":{"footnotes":""},"class_list":["post-193","page","type-page","status-publish","hentry"],"_links":{"self":[{"href":"http:\/\/blekitek.pl\/index.php\/wp-json\/wp\/v2\/pages\/193","targetHints":{"allow":["GET"]}}],"collection":[{"href":"http:\/\/blekitek.pl\/index.php\/wp-json\/wp\/v2\/pages"}],"about":[{"href":"http:\/\/blekitek.pl\/index.php\/wp-json\/wp\/v2\/types\/page"}],"author":[{"embeddable":true,"href":"http:\/\/blekitek.pl\/index.php\/wp-json\/wp\/v2\/users\/1"}],"replies":[{"embeddable":true,"href":"http:\/\/blekitek.pl\/index.php\/wp-json\/wp\/v2\/comments?post=193"}],"version-history":[{"count":7,"href":"http:\/\/blekitek.pl\/index.php\/wp-json\/wp\/v2\/pages\/193\/revisions"}],"predecessor-version":[{"id":1135,"href":"http:\/\/blekitek.pl\/index.php\/wp-json\/wp\/v2\/pages\/193\/revisions\/1135"}],"wp:attachment":[{"href":"http:\/\/blekitek.pl\/index.php\/wp-json\/wp\/v2\/media?parent=193"}],"curies":[{"name":"wp","href":"https:\/\/api.w.org\/{rel}","templated":true}]}}