{"id":198,"date":"2025-01-22T10:13:49","date_gmt":"2025-01-22T10:13:49","guid":{"rendered":"http:\/\/blekitek.pl\/?page_id=198"},"modified":"2025-04-14T08:38:44","modified_gmt":"2025-04-14T08:38:44","slug":"itali","status":"publish","type":"page","link":"http:\/\/blekitek.pl\/index.php\/itali\/","title":{"rendered":"Italia"},"content":{"rendered":"\n<p>KCH <strong>Italia B\u0142\u0119kitek<\/strong><\/p>\n\n\n\n<p><a href=\"http:\/\/blekitek.pl\/wp-content\/uploads\/2025\/02\/Italia.png\" target=\"_blank\" rel=\"noreferrer noopener\">Rodow\u00f3d<\/a><\/p>\n\n\n\n<div style=\"height:50px\" aria-hidden=\"true\" class=\"wp-block-spacer\"><\/div>\n\n\n\n<figure data-wp-context=\"{&quot;imageId&quot;:&quot;69ff426957620&quot;}\" data-wp-interactive=\"core\/image\" data-wp-key=\"69ff426957620\" class=\"wp-block-image size-full wp-lightbox-container\"><img loading=\"lazy\" decoding=\"async\" width=\"1280\" height=\"1920\" data-wp-class--hide=\"state.isContentHidden\" data-wp-class--show=\"state.isContentVisible\" data-wp-init=\"callbacks.setButtonStyles\" data-wp-on--click=\"actions.showLightbox\" data-wp-on--load=\"callbacks.setButtonStyles\" data-wp-on-window--resize=\"callbacks.setButtonStyles\" src=\"http:\/\/blekitek.pl\/wp-content\/uploads\/2025\/01\/DSF7088-2.jpg\" alt=\"\" class=\"wp-image-327\" srcset=\"http:\/\/blekitek.pl\/wp-content\/uploads\/2025\/01\/DSF7088-2.jpg 1280w, http:\/\/blekitek.pl\/wp-content\/uploads\/2025\/01\/DSF7088-2-200x300.jpg 200w, http:\/\/blekitek.pl\/wp-content\/uploads\/2025\/01\/DSF7088-2-683x1024.jpg 683w, http:\/\/blekitek.pl\/wp-content\/uploads\/2025\/01\/DSF7088-2-768x1152.jpg 768w, http:\/\/blekitek.pl\/wp-content\/uploads\/2025\/01\/DSF7088-2-1024x1536.jpg 1024w\" sizes=\"auto, (max-width: 1280px) 100vw, 1280px\" \/><button\n\t\t\tclass=\"lightbox-trigger\"\n\t\t\ttype=\"button\"\n\t\t\taria-haspopup=\"dialog\"\n\t\t\taria-label=\"Powi\u0119ksz\"\n\t\t\tdata-wp-init=\"callbacks.initTriggerButton\"\n\t\t\tdata-wp-on--click=\"actions.showLightbox\"\n\t\t\tdata-wp-style--right=\"state.imageButtonRight\"\n\t\t\tdata-wp-style--top=\"state.imageButtonTop\"\n\t\t>\n\t\t\t<svg xmlns=\"http:\/\/www.w3.org\/2000\/svg\" width=\"12\" height=\"12\" fill=\"none\" viewBox=\"0 0 12 12\">\n\t\t\t\t<path fill=\"#fff\" d=\"M2 0a2 2 0 0 0-2 2v2h1.5V2a.5.5 0 0 1 .5-.5h2V0H2Zm2 10.5H2a.5.5 0 0 1-.5-.5V8H0v2a2 2 0 0 0 2 2h2v-1.5ZM8 12v-1.5h2a.5.5 0 0 0 .5-.5V8H12v2a2 2 0 0 1-2 2H8Zm2-12a2 2 0 0 1 2 2v2h-1.5V2a.5.5 0 0 0-.5-.5H8V0h2Z\" \/>\n\t\t\t<\/svg>\n\t\t<\/button><\/figure>\n\n\n\n<div style=\"height:100px\" aria-hidden=\"true\" class=\"wp-block-spacer\"><\/div>\n\n\n\n<figure class=\"wp-block-gallery has-nested-images columns-default is-cropped wp-block-gallery-1 is-layout-flex wp-block-gallery-is-layout-flex\">\n<figure data-wp-context=\"{&quot;imageId&quot;:&quot;69ff426957f58&quot;}\" data-wp-interactive=\"core\/image\" data-wp-key=\"69ff426957f58\" class=\"wp-block-image size-large wp-lightbox-container\"><img loading=\"lazy\" decoding=\"async\" width=\"1024\" height=\"683\" data-wp-class--hide=\"state.isContentHidden\" data-wp-class--show=\"state.isContentVisible\" data-wp-init=\"callbacks.setButtonStyles\" data-wp-on--click=\"actions.showLightbox\" data-wp-on--load=\"callbacks.setButtonStyles\" data-wp-on-window--resize=\"callbacks.setButtonStyles\" data-id=\"526\" src=\"http:\/\/blekitek.pl\/wp-content\/uploads\/2025\/04\/DSF8239-1024x683.jpg\" alt=\"\" class=\"wp-image-526\" srcset=\"http:\/\/blekitek.pl\/wp-content\/uploads\/2025\/04\/DSF8239-1024x683.jpg 1024w, http:\/\/blekitek.pl\/wp-content\/uploads\/2025\/04\/DSF8239-300x200.jpg 300w, http:\/\/blekitek.pl\/wp-content\/uploads\/2025\/04\/DSF8239-768x512.jpg 768w, http:\/\/blekitek.pl\/wp-content\/uploads\/2025\/04\/DSF8239-1536x1024.jpg 1536w, http:\/\/blekitek.pl\/wp-content\/uploads\/2025\/04\/DSF8239.jpg 1920w\" sizes=\"auto, (max-width: 1024px) 100vw, 1024px\" \/><button\n\t\t\tclass=\"lightbox-trigger\"\n\t\t\ttype=\"button\"\n\t\t\taria-haspopup=\"dialog\"\n\t\t\taria-label=\"Powi\u0119ksz\"\n\t\t\tdata-wp-init=\"callbacks.initTriggerButton\"\n\t\t\tdata-wp-on--click=\"actions.showLightbox\"\n\t\t\tdata-wp-style--right=\"state.imageButtonRight\"\n\t\t\tdata-wp-style--top=\"state.imageButtonTop\"\n\t\t>\n\t\t\t<svg xmlns=\"http:\/\/www.w3.org\/2000\/svg\" width=\"12\" height=\"12\" fill=\"none\" viewBox=\"0 0 12 12\">\n\t\t\t\t<path fill=\"#fff\" d=\"M2 0a2 2 0 0 0-2 2v2h1.5V2a.5.5 0 0 1 .5-.5h2V0H2Zm2 10.5H2a.5.5 0 0 1-.5-.5V8H0v2a2 2 0 0 0 2 2h2v-1.5ZM8 12v-1.5h2a.5.5 0 0 0 .5-.5V8H12v2a2 2 0 0 1-2 2H8Zm2-12a2 2 0 0 1 2 2v2h-1.5V2a.5.5 0 0 0-.5-.5H8V0h2Z\" \/>\n\t\t\t<\/svg>\n\t\t<\/button><\/figure>\n\n\n\n<figure data-wp-context=\"{&quot;imageId&quot;:&quot;69ff42695865a&quot;}\" data-wp-interactive=\"core\/image\" data-wp-key=\"69ff42695865a\" class=\"wp-block-image size-large wp-lightbox-container\"><img loading=\"lazy\" decoding=\"async\" width=\"1024\" height=\"683\" data-wp-class--hide=\"state.isContentHidden\" data-wp-class--show=\"state.isContentVisible\" data-wp-init=\"callbacks.setButtonStyles\" data-wp-on--click=\"actions.showLightbox\" data-wp-on--load=\"callbacks.setButtonStyles\" data-wp-on-window--resize=\"callbacks.setButtonStyles\" data-id=\"530\" src=\"http:\/\/blekitek.pl\/wp-content\/uploads\/2025\/04\/DSF8240-1024x683.jpg\" alt=\"\" class=\"wp-image-530\" srcset=\"http:\/\/blekitek.pl\/wp-content\/uploads\/2025\/04\/DSF8240-1024x683.jpg 1024w, http:\/\/blekitek.pl\/wp-content\/uploads\/2025\/04\/DSF8240-300x200.jpg 300w, http:\/\/blekitek.pl\/wp-content\/uploads\/2025\/04\/DSF8240-768x512.jpg 768w, http:\/\/blekitek.pl\/wp-content\/uploads\/2025\/04\/DSF8240-1536x1024.jpg 1536w, http:\/\/blekitek.pl\/wp-content\/uploads\/2025\/04\/DSF8240.jpg 1920w\" sizes=\"auto, (max-width: 1024px) 100vw, 1024px\" \/><button\n\t\t\tclass=\"lightbox-trigger\"\n\t\t\ttype=\"button\"\n\t\t\taria-haspopup=\"dialog\"\n\t\t\taria-label=\"Powi\u0119ksz\"\n\t\t\tdata-wp-init=\"callbacks.initTriggerButton\"\n\t\t\tdata-wp-on--click=\"actions.showLightbox\"\n\t\t\tdata-wp-style--right=\"state.imageButtonRight\"\n\t\t\tdata-wp-style--top=\"state.imageButtonTop\"\n\t\t>\n\t\t\t<svg xmlns=\"http:\/\/www.w3.org\/2000\/svg\" width=\"12\" height=\"12\" fill=\"none\" viewBox=\"0 0 12 12\">\n\t\t\t\t<path fill=\"#fff\" d=\"M2 0a2 2 0 0 0-2 2v2h1.5V2a.5.5 0 0 1 .5-.5h2V0H2Zm2 10.5H2a.5.5 0 0 1-.5-.5V8H0v2a2 2 0 0 0 2 2h2v-1.5ZM8 12v-1.5h2a.5.5 0 0 0 .5-.5V8H12v2a2 2 0 0 1-2 2H8Zm2-12a2 2 0 0 1 2 2v2h-1.5V2a.5.5 0 0 0-.5-.5H8V0h2Z\" \/>\n\t\t\t<\/svg>\n\t\t<\/button><\/figure>\n\n\n\n<figure data-wp-context=\"{&quot;imageId&quot;:&quot;69ff426958b3c&quot;}\" data-wp-interactive=\"core\/image\" data-wp-key=\"69ff426958b3c\" class=\"wp-block-image size-large wp-lightbox-container\"><img loading=\"lazy\" decoding=\"async\" width=\"683\" height=\"1024\" data-wp-class--hide=\"state.isContentHidden\" data-wp-class--show=\"state.isContentVisible\" data-wp-init=\"callbacks.setButtonStyles\" data-wp-on--click=\"actions.showLightbox\" data-wp-on--load=\"callbacks.setButtonStyles\" data-wp-on-window--resize=\"callbacks.setButtonStyles\" data-id=\"525\" src=\"http:\/\/blekitek.pl\/wp-content\/uploads\/2025\/04\/DSF8292-683x1024.jpg\" alt=\"\" class=\"wp-image-525\" srcset=\"http:\/\/blekitek.pl\/wp-content\/uploads\/2025\/04\/DSF8292-683x1024.jpg 683w, http:\/\/blekitek.pl\/wp-content\/uploads\/2025\/04\/DSF8292-200x300.jpg 200w, http:\/\/blekitek.pl\/wp-content\/uploads\/2025\/04\/DSF8292-768x1152.jpg 768w, http:\/\/blekitek.pl\/wp-content\/uploads\/2025\/04\/DSF8292-1024x1536.jpg 1024w, http:\/\/blekitek.pl\/wp-content\/uploads\/2025\/04\/DSF8292.jpg 1280w\" sizes=\"auto, (max-width: 683px) 100vw, 683px\" \/><button\n\t\t\tclass=\"lightbox-trigger\"\n\t\t\ttype=\"button\"\n\t\t\taria-haspopup=\"dialog\"\n\t\t\taria-label=\"Powi\u0119ksz\"\n\t\t\tdata-wp-init=\"callbacks.initTriggerButton\"\n\t\t\tdata-wp-on--click=\"actions.showLightbox\"\n\t\t\tdata-wp-style--right=\"state.imageButtonRight\"\n\t\t\tdata-wp-style--top=\"state.imageButtonTop\"\n\t\t>\n\t\t\t<svg xmlns=\"http:\/\/www.w3.org\/2000\/svg\" width=\"12\" height=\"12\" fill=\"none\" viewBox=\"0 0 12 12\">\n\t\t\t\t<path fill=\"#fff\" d=\"M2 0a2 2 0 0 0-2 2v2h1.5V2a.5.5 0 0 1 .5-.5h2V0H2Zm2 10.5H2a.5.5 0 0 1-.5-.5V8H0v2a2 2 0 0 0 2 2h2v-1.5ZM8 12v-1.5h2a.5.5 0 0 0 .5-.5V8H12v2a2 2 0 0 1-2 2H8Zm2-12a2 2 0 0 1 2 2v2h-1.5V2a.5.5 0 0 0-.5-.5H8V0h2Z\" \/>\n\t\t\t<\/svg>\n\t\t<\/button><\/figure>\n\n\n\n<figure data-wp-context=\"{&quot;imageId&quot;:&quot;69ff426959028&quot;}\" data-wp-interactive=\"core\/image\" data-wp-key=\"69ff426959028\" class=\"wp-block-image size-large wp-lightbox-container\"><img loading=\"lazy\" decoding=\"async\" width=\"683\" height=\"1024\" data-wp-class--hide=\"state.isContentHidden\" data-wp-class--show=\"state.isContentVisible\" data-wp-init=\"callbacks.setButtonStyles\" data-wp-on--click=\"actions.showLightbox\" data-wp-on--load=\"callbacks.setButtonStyles\" data-wp-on-window--resize=\"callbacks.setButtonStyles\" data-id=\"527\" src=\"http:\/\/blekitek.pl\/wp-content\/uploads\/2025\/04\/DSF8296-683x1024.jpg\" alt=\"\" class=\"wp-image-527\" srcset=\"http:\/\/blekitek.pl\/wp-content\/uploads\/2025\/04\/DSF8296-683x1024.jpg 683w, http:\/\/blekitek.pl\/wp-content\/uploads\/2025\/04\/DSF8296-200x300.jpg 200w, http:\/\/blekitek.pl\/wp-content\/uploads\/2025\/04\/DSF8296-768x1152.jpg 768w, http:\/\/blekitek.pl\/wp-content\/uploads\/2025\/04\/DSF8296-1024x1536.jpg 1024w, http:\/\/blekitek.pl\/wp-content\/uploads\/2025\/04\/DSF8296.jpg 1280w\" sizes=\"auto, (max-width: 683px) 100vw, 683px\" \/><button\n\t\t\tclass=\"lightbox-trigger\"\n\t\t\ttype=\"button\"\n\t\t\taria-haspopup=\"dialog\"\n\t\t\taria-label=\"Powi\u0119ksz\"\n\t\t\tdata-wp-init=\"callbacks.initTriggerButton\"\n\t\t\tdata-wp-on--click=\"actions.showLightbox\"\n\t\t\tdata-wp-style--right=\"state.imageButtonRight\"\n\t\t\tdata-wp-style--top=\"state.imageButtonTop\"\n\t\t>\n\t\t\t<svg xmlns=\"http:\/\/www.w3.org\/2000\/svg\" width=\"12\" height=\"12\" fill=\"none\" viewBox=\"0 0 12 12\">\n\t\t\t\t<path fill=\"#fff\" d=\"M2 0a2 2 0 0 0-2 2v2h1.5V2a.5.5 0 0 1 .5-.5h2V0H2Zm2 10.5H2a.5.5 0 0 1-.5-.5V8H0v2a2 2 0 0 0 2 2h2v-1.5ZM8 12v-1.5h2a.5.5 0 0 0 .5-.5V8H12v2a2 2 0 0 1-2 2H8Zm2-12a2 2 0 0 1 2 2v2h-1.5V2a.5.5 0 0 0-.5-.5H8V0h2Z\" \/>\n\t\t\t<\/svg>\n\t\t<\/button><\/figure>\n\n\n\n<figure data-wp-context=\"{&quot;imageId&quot;:&quot;69ff4269598aa&quot;}\" data-wp-interactive=\"core\/image\" data-wp-key=\"69ff4269598aa\" class=\"wp-block-image size-large wp-lightbox-container\"><img loading=\"lazy\" decoding=\"async\" width=\"683\" height=\"1024\" data-wp-class--hide=\"state.isContentHidden\" data-wp-class--show=\"state.isContentVisible\" data-wp-init=\"callbacks.setButtonStyles\" data-wp-on--click=\"actions.showLightbox\" data-wp-on--load=\"callbacks.setButtonStyles\" data-wp-on-window--resize=\"callbacks.setButtonStyles\" data-id=\"529\" src=\"http:\/\/blekitek.pl\/wp-content\/uploads\/2025\/04\/DSF8297-683x1024.jpg\" alt=\"\" class=\"wp-image-529\" srcset=\"http:\/\/blekitek.pl\/wp-content\/uploads\/2025\/04\/DSF8297-683x1024.jpg 683w, http:\/\/blekitek.pl\/wp-content\/uploads\/2025\/04\/DSF8297-200x300.jpg 200w, http:\/\/blekitek.pl\/wp-content\/uploads\/2025\/04\/DSF8297-768x1152.jpg 768w, http:\/\/blekitek.pl\/wp-content\/uploads\/2025\/04\/DSF8297-1024x1536.jpg 1024w, http:\/\/blekitek.pl\/wp-content\/uploads\/2025\/04\/DSF8297.jpg 1280w\" sizes=\"auto, (max-width: 683px) 100vw, 683px\" \/><button\n\t\t\tclass=\"lightbox-trigger\"\n\t\t\ttype=\"button\"\n\t\t\taria-haspopup=\"dialog\"\n\t\t\taria-label=\"Powi\u0119ksz\"\n\t\t\tdata-wp-init=\"callbacks.initTriggerButton\"\n\t\t\tdata-wp-on--click=\"actions.showLightbox\"\n\t\t\tdata-wp-style--right=\"state.imageButtonRight\"\n\t\t\tdata-wp-style--top=\"state.imageButtonTop\"\n\t\t>\n\t\t\t<svg xmlns=\"http:\/\/www.w3.org\/2000\/svg\" width=\"12\" height=\"12\" fill=\"none\" viewBox=\"0 0 12 12\">\n\t\t\t\t<path fill=\"#fff\" d=\"M2 0a2 2 0 0 0-2 2v2h1.5V2a.5.5 0 0 1 .5-.5h2V0H2Zm2 10.5H2a.5.5 0 0 1-.5-.5V8H0v2a2 2 0 0 0 2 2h2v-1.5ZM8 12v-1.5h2a.5.5 0 0 0 .5-.5V8H12v2a2 2 0 0 1-2 2H8Zm2-12a2 2 0 0 1 2 2v2h-1.5V2a.5.5 0 0 0-.5-.5H8V0h2Z\" \/>\n\t\t\t<\/svg>\n\t\t<\/button><\/figure>\n\n\n\n<figure data-wp-context=\"{&quot;imageId&quot;:&quot;69ff426959d4c&quot;}\" data-wp-interactive=\"core\/image\" data-wp-key=\"69ff426959d4c\" class=\"wp-block-image size-large wp-lightbox-container\"><img loading=\"lazy\" decoding=\"async\" width=\"683\" height=\"1024\" data-wp-class--hide=\"state.isContentHidden\" data-wp-class--show=\"state.isContentVisible\" data-wp-init=\"callbacks.setButtonStyles\" data-wp-on--click=\"actions.showLightbox\" data-wp-on--load=\"callbacks.setButtonStyles\" data-wp-on-window--resize=\"callbacks.setButtonStyles\" data-id=\"528\" src=\"http:\/\/blekitek.pl\/wp-content\/uploads\/2025\/04\/DSF8300-683x1024.jpg\" alt=\"\" class=\"wp-image-528\" srcset=\"http:\/\/blekitek.pl\/wp-content\/uploads\/2025\/04\/DSF8300-683x1024.jpg 683w, http:\/\/blekitek.pl\/wp-content\/uploads\/2025\/04\/DSF8300-200x300.jpg 200w, http:\/\/blekitek.pl\/wp-content\/uploads\/2025\/04\/DSF8300-768x1152.jpg 768w, http:\/\/blekitek.pl\/wp-content\/uploads\/2025\/04\/DSF8300-1024x1536.jpg 1024w, http:\/\/blekitek.pl\/wp-content\/uploads\/2025\/04\/DSF8300.jpg 1280w\" sizes=\"auto, (max-width: 683px) 100vw, 683px\" \/><button\n\t\t\tclass=\"lightbox-trigger\"\n\t\t\ttype=\"button\"\n\t\t\taria-haspopup=\"dialog\"\n\t\t\taria-label=\"Powi\u0119ksz\"\n\t\t\tdata-wp-init=\"callbacks.initTriggerButton\"\n\t\t\tdata-wp-on--click=\"actions.showLightbox\"\n\t\t\tdata-wp-style--right=\"state.imageButtonRight\"\n\t\t\tdata-wp-style--top=\"state.imageButtonTop\"\n\t\t>\n\t\t\t<svg xmlns=\"http:\/\/www.w3.org\/2000\/svg\" width=\"12\" height=\"12\" fill=\"none\" viewBox=\"0 0 12 12\">\n\t\t\t\t<path fill=\"#fff\" d=\"M2 0a2 2 0 0 0-2 2v2h1.5V2a.5.5 0 0 1 .5-.5h2V0H2Zm2 10.5H2a.5.5 0 0 1-.5-.5V8H0v2a2 2 0 0 0 2 2h2v-1.5ZM8 12v-1.5h2a.5.5 0 0 0 .5-.5V8H12v2a2 2 0 0 1-2 2H8Zm2-12a2 2 0 0 1 2 2v2h-1.5V2a.5.5 0 0 0-.5-.5H8V0h2Z\" \/>\n\t\t\t<\/svg>\n\t\t<\/button><\/figure>\n\n\n\n<figure data-wp-context=\"{&quot;imageId&quot;:&quot;69ff42695a1ac&quot;}\" data-wp-interactive=\"core\/image\" data-wp-key=\"69ff42695a1ac\" class=\"wp-block-image size-large wp-lightbox-container\"><img loading=\"lazy\" decoding=\"async\" width=\"683\" height=\"1024\" data-wp-class--hide=\"state.isContentHidden\" data-wp-class--show=\"state.isContentVisible\" data-wp-init=\"callbacks.setButtonStyles\" data-wp-on--click=\"actions.showLightbox\" data-wp-on--load=\"callbacks.setButtonStyles\" data-wp-on-window--resize=\"callbacks.setButtonStyles\" data-id=\"531\" src=\"http:\/\/blekitek.pl\/wp-content\/uploads\/2025\/04\/DSF8305-683x1024.jpg\" alt=\"\" class=\"wp-image-531\" srcset=\"http:\/\/blekitek.pl\/wp-content\/uploads\/2025\/04\/DSF8305-683x1024.jpg 683w, http:\/\/blekitek.pl\/wp-content\/uploads\/2025\/04\/DSF8305-200x300.jpg 200w, http:\/\/blekitek.pl\/wp-content\/uploads\/2025\/04\/DSF8305-768x1152.jpg 768w, http:\/\/blekitek.pl\/wp-content\/uploads\/2025\/04\/DSF8305-1024x1536.jpg 1024w, http:\/\/blekitek.pl\/wp-content\/uploads\/2025\/04\/DSF8305.jpg 1280w\" sizes=\"auto, (max-width: 683px) 100vw, 683px\" \/><button\n\t\t\tclass=\"lightbox-trigger\"\n\t\t\ttype=\"button\"\n\t\t\taria-haspopup=\"dialog\"\n\t\t\taria-label=\"Powi\u0119ksz\"\n\t\t\tdata-wp-init=\"callbacks.initTriggerButton\"\n\t\t\tdata-wp-on--click=\"actions.showLightbox\"\n\t\t\tdata-wp-style--right=\"state.imageButtonRight\"\n\t\t\tdata-wp-style--top=\"state.imageButtonTop\"\n\t\t>\n\t\t\t<svg xmlns=\"http:\/\/www.w3.org\/2000\/svg\" width=\"12\" height=\"12\" fill=\"none\" viewBox=\"0 0 12 12\">\n\t\t\t\t<path fill=\"#fff\" d=\"M2 0a2 2 0 0 0-2 2v2h1.5V2a.5.5 0 0 1 .5-.5h2V0H2Zm2 10.5H2a.5.5 0 0 1-.5-.5V8H0v2a2 2 0 0 0 2 2h2v-1.5ZM8 12v-1.5h2a.5.5 0 0 0 .5-.5V8H12v2a2 2 0 0 1-2 2H8Zm2-12a2 2 0 0 1 2 2v2h-1.5V2a.5.5 0 0 0-.5-.5H8V0h2Z\" \/>\n\t\t\t<\/svg>\n\t\t<\/button><\/figure>\n\n\n\n<figure data-wp-context=\"{&quot;imageId&quot;:&quot;69ff42695a6d1&quot;}\" data-wp-interactive=\"core\/image\" data-wp-key=\"69ff42695a6d1\" class=\"wp-block-image size-large wp-lightbox-container\"><img loading=\"lazy\" decoding=\"async\" width=\"683\" height=\"1024\" data-wp-class--hide=\"state.isContentHidden\" data-wp-class--show=\"state.isContentVisible\" data-wp-init=\"callbacks.setButtonStyles\" data-wp-on--click=\"actions.showLightbox\" data-wp-on--load=\"callbacks.setButtonStyles\" data-wp-on-window--resize=\"callbacks.setButtonStyles\" data-id=\"532\" src=\"http:\/\/blekitek.pl\/wp-content\/uploads\/2025\/04\/DSF8308-683x1024.jpg\" alt=\"\" class=\"wp-image-532\" srcset=\"http:\/\/blekitek.pl\/wp-content\/uploads\/2025\/04\/DSF8308-683x1024.jpg 683w, http:\/\/blekitek.pl\/wp-content\/uploads\/2025\/04\/DSF8308-200x300.jpg 200w, http:\/\/blekitek.pl\/wp-content\/uploads\/2025\/04\/DSF8308-768x1152.jpg 768w, http:\/\/blekitek.pl\/wp-content\/uploads\/2025\/04\/DSF8308-1024x1536.jpg 1024w, http:\/\/blekitek.pl\/wp-content\/uploads\/2025\/04\/DSF8308.jpg 1280w\" sizes=\"auto, (max-width: 683px) 100vw, 683px\" \/><button\n\t\t\tclass=\"lightbox-trigger\"\n\t\t\ttype=\"button\"\n\t\t\taria-haspopup=\"dialog\"\n\t\t\taria-label=\"Powi\u0119ksz\"\n\t\t\tdata-wp-init=\"callbacks.initTriggerButton\"\n\t\t\tdata-wp-on--click=\"actions.showLightbox\"\n\t\t\tdata-wp-style--right=\"state.imageButtonRight\"\n\t\t\tdata-wp-style--top=\"state.imageButtonTop\"\n\t\t>\n\t\t\t<svg xmlns=\"http:\/\/www.w3.org\/2000\/svg\" width=\"12\" height=\"12\" fill=\"none\" viewBox=\"0 0 12 12\">\n\t\t\t\t<path fill=\"#fff\" d=\"M2 0a2 2 0 0 0-2 2v2h1.5V2a.5.5 0 0 1 .5-.5h2V0H2Zm2 10.5H2a.5.5 0 0 1-.5-.5V8H0v2a2 2 0 0 0 2 2h2v-1.5ZM8 12v-1.5h2a.5.5 0 0 0 .5-.5V8H12v2a2 2 0 0 1-2 2H8Zm2-12a2 2 0 0 1 2 2v2h-1.5V2a.5.5 0 0 0-.5-.5H8V0h2Z\" \/>\n\t\t\t<\/svg>\n\t\t<\/button><\/figure>\n\n\n\n<figure data-wp-context=\"{&quot;imageId&quot;:&quot;69ff42695ab5d&quot;}\" data-wp-interactive=\"core\/image\" data-wp-key=\"69ff42695ab5d\" class=\"wp-block-image size-large wp-lightbox-container\"><img loading=\"lazy\" decoding=\"async\" width=\"683\" height=\"1024\" data-wp-class--hide=\"state.isContentHidden\" data-wp-class--show=\"state.isContentVisible\" data-wp-init=\"callbacks.setButtonStyles\" data-wp-on--click=\"actions.showLightbox\" data-wp-on--load=\"callbacks.setButtonStyles\" data-wp-on-window--resize=\"callbacks.setButtonStyles\" data-id=\"534\" src=\"http:\/\/blekitek.pl\/wp-content\/uploads\/2025\/04\/DSF8313-1-683x1024.jpg\" alt=\"\" class=\"wp-image-534\" srcset=\"http:\/\/blekitek.pl\/wp-content\/uploads\/2025\/04\/DSF8313-1-683x1024.jpg 683w, http:\/\/blekitek.pl\/wp-content\/uploads\/2025\/04\/DSF8313-1-200x300.jpg 200w, http:\/\/blekitek.pl\/wp-content\/uploads\/2025\/04\/DSF8313-1-768x1152.jpg 768w, http:\/\/blekitek.pl\/wp-content\/uploads\/2025\/04\/DSF8313-1-1024x1536.jpg 1024w, http:\/\/blekitek.pl\/wp-content\/uploads\/2025\/04\/DSF8313-1.jpg 1280w\" sizes=\"auto, (max-width: 683px) 100vw, 683px\" \/><button\n\t\t\tclass=\"lightbox-trigger\"\n\t\t\ttype=\"button\"\n\t\t\taria-haspopup=\"dialog\"\n\t\t\taria-label=\"Powi\u0119ksz\"\n\t\t\tdata-wp-init=\"callbacks.initTriggerButton\"\n\t\t\tdata-wp-on--click=\"actions.showLightbox\"\n\t\t\tdata-wp-style--right=\"state.imageButtonRight\"\n\t\t\tdata-wp-style--top=\"state.imageButtonTop\"\n\t\t>\n\t\t\t<svg xmlns=\"http:\/\/www.w3.org\/2000\/svg\" width=\"12\" height=\"12\" fill=\"none\" viewBox=\"0 0 12 12\">\n\t\t\t\t<path fill=\"#fff\" d=\"M2 0a2 2 0 0 0-2 2v2h1.5V2a.5.5 0 0 1 .5-.5h2V0H2Zm2 10.5H2a.5.5 0 0 1-.5-.5V8H0v2a2 2 0 0 0 2 2h2v-1.5ZM8 12v-1.5h2a.5.5 0 0 0 .5-.5V8H12v2a2 2 0 0 1-2 2H8Zm2-12a2 2 0 0 1 2 2v2h-1.5V2a.5.5 0 0 0-.5-.5H8V0h2Z\" \/>\n\t\t\t<\/svg>\n\t\t<\/button><\/figure>\n\n\n\n<figure data-wp-context=\"{&quot;imageId&quot;:&quot;69ff42695afb3&quot;}\" data-wp-interactive=\"core\/image\" data-wp-key=\"69ff42695afb3\" class=\"wp-block-image size-large wp-lightbox-container\"><img loading=\"lazy\" decoding=\"async\" width=\"683\" height=\"1024\" data-wp-class--hide=\"state.isContentHidden\" data-wp-class--show=\"state.isContentVisible\" data-wp-init=\"callbacks.setButtonStyles\" data-wp-on--click=\"actions.showLightbox\" data-wp-on--load=\"callbacks.setButtonStyles\" data-wp-on-window--resize=\"callbacks.setButtonStyles\" data-id=\"535\" src=\"http:\/\/blekitek.pl\/wp-content\/uploads\/2025\/04\/DSF8317-1-683x1024.jpg\" alt=\"\" class=\"wp-image-535\" srcset=\"http:\/\/blekitek.pl\/wp-content\/uploads\/2025\/04\/DSF8317-1-683x1024.jpg 683w, http:\/\/blekitek.pl\/wp-content\/uploads\/2025\/04\/DSF8317-1-200x300.jpg 200w, http:\/\/blekitek.pl\/wp-content\/uploads\/2025\/04\/DSF8317-1-768x1152.jpg 768w, http:\/\/blekitek.pl\/wp-content\/uploads\/2025\/04\/DSF8317-1-1024x1536.jpg 1024w, http:\/\/blekitek.pl\/wp-content\/uploads\/2025\/04\/DSF8317-1.jpg 1280w\" sizes=\"auto, (max-width: 683px) 100vw, 683px\" \/><button\n\t\t\tclass=\"lightbox-trigger\"\n\t\t\ttype=\"button\"\n\t\t\taria-haspopup=\"dialog\"\n\t\t\taria-label=\"Powi\u0119ksz\"\n\t\t\tdata-wp-init=\"callbacks.initTriggerButton\"\n\t\t\tdata-wp-on--click=\"actions.showLightbox\"\n\t\t\tdata-wp-style--right=\"state.imageButtonRight\"\n\t\t\tdata-wp-style--top=\"state.imageButtonTop\"\n\t\t>\n\t\t\t<svg xmlns=\"http:\/\/www.w3.org\/2000\/svg\" width=\"12\" height=\"12\" fill=\"none\" viewBox=\"0 0 12 12\">\n\t\t\t\t<path fill=\"#fff\" d=\"M2 0a2 2 0 0 0-2 2v2h1.5V2a.5.5 0 0 1 .5-.5h2V0H2Zm2 10.5H2a.5.5 0 0 1-.5-.5V8H0v2a2 2 0 0 0 2 2h2v-1.5ZM8 12v-1.5h2a.5.5 0 0 0 .5-.5V8H12v2a2 2 0 0 1-2 2H8Zm2-12a2 2 0 0 1 2 2v2h-1.5V2a.5.5 0 0 0-.5-.5H8V0h2Z\" \/>\n\t\t\t<\/svg>\n\t\t<\/button><\/figure>\n\n\n\n<figure data-wp-context=\"{&quot;imageId&quot;:&quot;69ff42695b457&quot;}\" data-wp-interactive=\"core\/image\" data-wp-key=\"69ff42695b457\" class=\"wp-block-image size-large wp-lightbox-container\"><img loading=\"lazy\" decoding=\"async\" width=\"683\" height=\"1024\" data-wp-class--hide=\"state.isContentHidden\" data-wp-class--show=\"state.isContentVisible\" data-wp-init=\"callbacks.setButtonStyles\" data-wp-on--click=\"actions.showLightbox\" data-wp-on--load=\"callbacks.setButtonStyles\" data-wp-on-window--resize=\"callbacks.setButtonStyles\" data-id=\"536\" src=\"http:\/\/blekitek.pl\/wp-content\/uploads\/2025\/04\/DSF8321-1-683x1024.jpg\" alt=\"\" class=\"wp-image-536\" srcset=\"http:\/\/blekitek.pl\/wp-content\/uploads\/2025\/04\/DSF8321-1-683x1024.jpg 683w, http:\/\/blekitek.pl\/wp-content\/uploads\/2025\/04\/DSF8321-1-200x300.jpg 200w, http:\/\/blekitek.pl\/wp-content\/uploads\/2025\/04\/DSF8321-1-768x1152.jpg 768w, http:\/\/blekitek.pl\/wp-content\/uploads\/2025\/04\/DSF8321-1-1024x1536.jpg 1024w, http:\/\/blekitek.pl\/wp-content\/uploads\/2025\/04\/DSF8321-1.jpg 1280w\" sizes=\"auto, (max-width: 683px) 100vw, 683px\" \/><button\n\t\t\tclass=\"lightbox-trigger\"\n\t\t\ttype=\"button\"\n\t\t\taria-haspopup=\"dialog\"\n\t\t\taria-label=\"Powi\u0119ksz\"\n\t\t\tdata-wp-init=\"callbacks.initTriggerButton\"\n\t\t\tdata-wp-on--click=\"actions.showLightbox\"\n\t\t\tdata-wp-style--right=\"state.imageButtonRight\"\n\t\t\tdata-wp-style--top=\"state.imageButtonTop\"\n\t\t>\n\t\t\t<svg xmlns=\"http:\/\/www.w3.org\/2000\/svg\" width=\"12\" height=\"12\" fill=\"none\" viewBox=\"0 0 12 12\">\n\t\t\t\t<path fill=\"#fff\" d=\"M2 0a2 2 0 0 0-2 2v2h1.5V2a.5.5 0 0 1 .5-.5h2V0H2Zm2 10.5H2a.5.5 0 0 1-.5-.5V8H0v2a2 2 0 0 0 2 2h2v-1.5ZM8 12v-1.5h2a.5.5 0 0 0 .5-.5V8H12v2a2 2 0 0 1-2 2H8Zm2-12a2 2 0 0 1 2 2v2h-1.5V2a.5.5 0 0 0-.5-.5H8V0h2Z\" \/>\n\t\t\t<\/svg>\n\t\t<\/button><\/figure>\n\n\n\n<figure data-wp-context=\"{&quot;imageId&quot;:&quot;69ff42695b88b&quot;}\" data-wp-interactive=\"core\/image\" data-wp-key=\"69ff42695b88b\" class=\"wp-block-image size-large wp-lightbox-container\"><img loading=\"lazy\" decoding=\"async\" width=\"683\" height=\"1024\" data-wp-class--hide=\"state.isContentHidden\" data-wp-class--show=\"state.isContentVisible\" data-wp-init=\"callbacks.setButtonStyles\" data-wp-on--click=\"actions.showLightbox\" data-wp-on--load=\"callbacks.setButtonStyles\" data-wp-on-window--resize=\"callbacks.setButtonStyles\" data-id=\"537\" src=\"http:\/\/blekitek.pl\/wp-content\/uploads\/2025\/04\/DSF8324-683x1024.jpg\" alt=\"\" class=\"wp-image-537\" srcset=\"http:\/\/blekitek.pl\/wp-content\/uploads\/2025\/04\/DSF8324-683x1024.jpg 683w, http:\/\/blekitek.pl\/wp-content\/uploads\/2025\/04\/DSF8324-200x300.jpg 200w, http:\/\/blekitek.pl\/wp-content\/uploads\/2025\/04\/DSF8324-768x1152.jpg 768w, http:\/\/blekitek.pl\/wp-content\/uploads\/2025\/04\/DSF8324-1024x1536.jpg 1024w, http:\/\/blekitek.pl\/wp-content\/uploads\/2025\/04\/DSF8324.jpg 1280w\" sizes=\"auto, (max-width: 683px) 100vw, 683px\" \/><button\n\t\t\tclass=\"lightbox-trigger\"\n\t\t\ttype=\"button\"\n\t\t\taria-haspopup=\"dialog\"\n\t\t\taria-label=\"Powi\u0119ksz\"\n\t\t\tdata-wp-init=\"callbacks.initTriggerButton\"\n\t\t\tdata-wp-on--click=\"actions.showLightbox\"\n\t\t\tdata-wp-style--right=\"state.imageButtonRight\"\n\t\t\tdata-wp-style--top=\"state.imageButtonTop\"\n\t\t>\n\t\t\t<svg xmlns=\"http:\/\/www.w3.org\/2000\/svg\" width=\"12\" height=\"12\" fill=\"none\" viewBox=\"0 0 12 12\">\n\t\t\t\t<path fill=\"#fff\" d=\"M2 0a2 2 0 0 0-2 2v2h1.5V2a.5.5 0 0 1 .5-.5h2V0H2Zm2 10.5H2a.5.5 0 0 1-.5-.5V8H0v2a2 2 0 0 0 2 2h2v-1.5ZM8 12v-1.5h2a.5.5 0 0 0 .5-.5V8H12v2a2 2 0 0 1-2 2H8Zm2-12a2 2 0 0 1 2 2v2h-1.5V2a.5.5 0 0 0-.5-.5H8V0h2Z\" \/>\n\t\t\t<\/svg>\n\t\t<\/button><\/figure>\n<\/figure>\n","protected":false},"excerpt":{"rendered":"<p>KCH Italia B\u0142\u0119kitek Rodow\u00f3d<\/p>\n","protected":false},"author":1,"featured_media":0,"parent":0,"menu_order":0,"comment_status":"closed","ping_status":"closed","template":"single-page-no-sidebar-full-width","meta":{"footnotes":""},"class_list":["post-198","page","type-page","status-publish","hentry"],"_links":{"self":[{"href":"http:\/\/blekitek.pl\/index.php\/wp-json\/wp\/v2\/pages\/198","targetHints":{"allow":["GET"]}}],"collection":[{"href":"http:\/\/blekitek.pl\/index.php\/wp-json\/wp\/v2\/pages"}],"about":[{"href":"http:\/\/blekitek.pl\/index.php\/wp-json\/wp\/v2\/types\/page"}],"author":[{"embeddable":true,"href":"http:\/\/blekitek.pl\/index.php\/wp-json\/wp\/v2\/users\/1"}],"replies":[{"embeddable":true,"href":"http:\/\/blekitek.pl\/index.php\/wp-json\/wp\/v2\/comments?post=198"}],"version-history":[{"count":9,"href":"http:\/\/blekitek.pl\/index.php\/wp-json\/wp\/v2\/pages\/198\/revisions"}],"predecessor-version":[{"id":539,"href":"http:\/\/blekitek.pl\/index.php\/wp-json\/wp\/v2\/pages\/198\/revisions\/539"}],"wp:attachment":[{"href":"http:\/\/blekitek.pl\/index.php\/wp-json\/wp\/v2\/media?parent=198"}],"curies":[{"name":"wp","href":"https:\/\/api.w.org\/{rel}","templated":true}]}}