{"id":201,"date":"2025-01-22T10:16:08","date_gmt":"2025-01-22T10:16:08","guid":{"rendered":"http:\/\/blekitek.pl\/?page_id=201"},"modified":"2025-02-17T10:17:11","modified_gmt":"2025-02-17T10:17:11","slug":"carmen","status":"publish","type":"page","link":"http:\/\/blekitek.pl\/index.php\/carmen\/","title":{"rendered":"Carmen"},"content":{"rendered":"\n<p><strong>Carmen B\u0142\u0119kitek<\/strong><\/p>\n\n\n\n<p><a href=\"http:\/\/blekitek.pl\/wp-content\/uploads\/2025\/02\/Carmen.png\" target=\"_blank\" rel=\"noreferrer noopener\">Rodow\u00f3d<\/a><\/p>\n\n\n\n<div style=\"height:50px\" aria-hidden=\"true\" class=\"wp-block-spacer\"><\/div>\n\n\n\n<figure class=\"wp-block-gallery has-nested-images columns-default is-cropped wp-block-gallery-1 is-layout-flex wp-block-gallery-is-layout-flex\">\n<figure data-wp-context=\"{&quot;imageId&quot;:&quot;6a04aff69ef48&quot;}\" data-wp-interactive=\"core\/image\" data-wp-key=\"6a04aff69ef48\" class=\"wp-block-image size-full wp-lightbox-container\"><img loading=\"lazy\" decoding=\"async\" width=\"1280\" height=\"1920\" data-wp-class--hide=\"state.isContentHidden\" data-wp-class--show=\"state.isContentVisible\" data-wp-init=\"callbacks.setButtonStyles\" data-wp-on--click=\"actions.showLightbox\" data-wp-on--load=\"callbacks.setButtonStyles\" data-wp-on-window--resize=\"callbacks.setButtonStyles\" data-id=\"182\" src=\"http:\/\/blekitek.pl\/wp-content\/uploads\/2025\/01\/DSF4011.jpg\" alt=\"\" class=\"wp-image-182\" srcset=\"http:\/\/blekitek.pl\/wp-content\/uploads\/2025\/01\/DSF4011.jpg 1280w, http:\/\/blekitek.pl\/wp-content\/uploads\/2025\/01\/DSF4011-200x300.jpg 200w, http:\/\/blekitek.pl\/wp-content\/uploads\/2025\/01\/DSF4011-683x1024.jpg 683w, http:\/\/blekitek.pl\/wp-content\/uploads\/2025\/01\/DSF4011-768x1152.jpg 768w, http:\/\/blekitek.pl\/wp-content\/uploads\/2025\/01\/DSF4011-1024x1536.jpg 1024w\" sizes=\"auto, (max-width: 1280px) 100vw, 1280px\" \/><button\n\t\t\tclass=\"lightbox-trigger\"\n\t\t\ttype=\"button\"\n\t\t\taria-haspopup=\"dialog\"\n\t\t\taria-label=\"Powi\u0119ksz\"\n\t\t\tdata-wp-init=\"callbacks.initTriggerButton\"\n\t\t\tdata-wp-on--click=\"actions.showLightbox\"\n\t\t\tdata-wp-style--right=\"state.imageButtonRight\"\n\t\t\tdata-wp-style--top=\"state.imageButtonTop\"\n\t\t>\n\t\t\t<svg xmlns=\"http:\/\/www.w3.org\/2000\/svg\" width=\"12\" height=\"12\" fill=\"none\" viewBox=\"0 0 12 12\">\n\t\t\t\t<path fill=\"#fff\" d=\"M2 0a2 2 0 0 0-2 2v2h1.5V2a.5.5 0 0 1 .5-.5h2V0H2Zm2 10.5H2a.5.5 0 0 1-.5-.5V8H0v2a2 2 0 0 0 2 2h2v-1.5ZM8 12v-1.5h2a.5.5 0 0 0 .5-.5V8H12v2a2 2 0 0 1-2 2H8Zm2-12a2 2 0 0 1 2 2v2h-1.5V2a.5.5 0 0 0-.5-.5H8V0h2Z\" \/>\n\t\t\t<\/svg>\n\t\t<\/button><\/figure>\n\n\n\n<figure data-wp-context=\"{&quot;imageId&quot;:&quot;6a04aff69f4a6&quot;}\" data-wp-interactive=\"core\/image\" data-wp-key=\"6a04aff69f4a6\" class=\"wp-block-image size-full wp-lightbox-container\"><img loading=\"lazy\" decoding=\"async\" width=\"1920\" height=\"1280\" data-wp-class--hide=\"state.isContentHidden\" data-wp-class--show=\"state.isContentVisible\" data-wp-init=\"callbacks.setButtonStyles\" data-wp-on--click=\"actions.showLightbox\" data-wp-on--load=\"callbacks.setButtonStyles\" data-wp-on-window--resize=\"callbacks.setButtonStyles\" data-id=\"207\" src=\"http:\/\/blekitek.pl\/wp-content\/uploads\/2025\/01\/DSF4018.jpg\" alt=\"\" class=\"wp-image-207\" srcset=\"http:\/\/blekitek.pl\/wp-content\/uploads\/2025\/01\/DSF4018.jpg 1920w, http:\/\/blekitek.pl\/wp-content\/uploads\/2025\/01\/DSF4018-300x200.jpg 300w, http:\/\/blekitek.pl\/wp-content\/uploads\/2025\/01\/DSF4018-1024x683.jpg 1024w, http:\/\/blekitek.pl\/wp-content\/uploads\/2025\/01\/DSF4018-768x512.jpg 768w, http:\/\/blekitek.pl\/wp-content\/uploads\/2025\/01\/DSF4018-1536x1024.jpg 1536w\" sizes=\"auto, (max-width: 1920px) 100vw, 1920px\" \/><button\n\t\t\tclass=\"lightbox-trigger\"\n\t\t\ttype=\"button\"\n\t\t\taria-haspopup=\"dialog\"\n\t\t\taria-label=\"Powi\u0119ksz\"\n\t\t\tdata-wp-init=\"callbacks.initTriggerButton\"\n\t\t\tdata-wp-on--click=\"actions.showLightbox\"\n\t\t\tdata-wp-style--right=\"state.imageButtonRight\"\n\t\t\tdata-wp-style--top=\"state.imageButtonTop\"\n\t\t>\n\t\t\t<svg xmlns=\"http:\/\/www.w3.org\/2000\/svg\" width=\"12\" height=\"12\" fill=\"none\" viewBox=\"0 0 12 12\">\n\t\t\t\t<path fill=\"#fff\" d=\"M2 0a2 2 0 0 0-2 2v2h1.5V2a.5.5 0 0 1 .5-.5h2V0H2Zm2 10.5H2a.5.5 0 0 1-.5-.5V8H0v2a2 2 0 0 0 2 2h2v-1.5ZM8 12v-1.5h2a.5.5 0 0 0 .5-.5V8H12v2a2 2 0 0 1-2 2H8Zm2-12a2 2 0 0 1 2 2v2h-1.5V2a.5.5 0 0 0-.5-.5H8V0h2Z\" \/>\n\t\t\t<\/svg>\n\t\t<\/button><\/figure>\n\n\n\n<figure data-wp-context=\"{&quot;imageId&quot;:&quot;6a04aff69f8e8&quot;}\" data-wp-interactive=\"core\/image\" data-wp-key=\"6a04aff69f8e8\" class=\"wp-block-image size-full wp-lightbox-container\"><img loading=\"lazy\" decoding=\"async\" width=\"1280\" height=\"1920\" data-wp-class--hide=\"state.isContentHidden\" data-wp-class--show=\"state.isContentVisible\" data-wp-init=\"callbacks.setButtonStyles\" data-wp-on--click=\"actions.showLightbox\" data-wp-on--load=\"callbacks.setButtonStyles\" data-wp-on-window--resize=\"callbacks.setButtonStyles\" data-id=\"208\" src=\"http:\/\/blekitek.pl\/wp-content\/uploads\/2025\/01\/DSF4025.jpg\" alt=\"\" class=\"wp-image-208\" srcset=\"http:\/\/blekitek.pl\/wp-content\/uploads\/2025\/01\/DSF4025.jpg 1280w, http:\/\/blekitek.pl\/wp-content\/uploads\/2025\/01\/DSF4025-200x300.jpg 200w, http:\/\/blekitek.pl\/wp-content\/uploads\/2025\/01\/DSF4025-683x1024.jpg 683w, http:\/\/blekitek.pl\/wp-content\/uploads\/2025\/01\/DSF4025-768x1152.jpg 768w, http:\/\/blekitek.pl\/wp-content\/uploads\/2025\/01\/DSF4025-1024x1536.jpg 1024w\" sizes=\"auto, (max-width: 1280px) 100vw, 1280px\" \/><button\n\t\t\tclass=\"lightbox-trigger\"\n\t\t\ttype=\"button\"\n\t\t\taria-haspopup=\"dialog\"\n\t\t\taria-label=\"Powi\u0119ksz\"\n\t\t\tdata-wp-init=\"callbacks.initTriggerButton\"\n\t\t\tdata-wp-on--click=\"actions.showLightbox\"\n\t\t\tdata-wp-style--right=\"state.imageButtonRight\"\n\t\t\tdata-wp-style--top=\"state.imageButtonTop\"\n\t\t>\n\t\t\t<svg xmlns=\"http:\/\/www.w3.org\/2000\/svg\" width=\"12\" height=\"12\" fill=\"none\" viewBox=\"0 0 12 12\">\n\t\t\t\t<path fill=\"#fff\" d=\"M2 0a2 2 0 0 0-2 2v2h1.5V2a.5.5 0 0 1 .5-.5h2V0H2Zm2 10.5H2a.5.5 0 0 1-.5-.5V8H0v2a2 2 0 0 0 2 2h2v-1.5ZM8 12v-1.5h2a.5.5 0 0 0 .5-.5V8H12v2a2 2 0 0 1-2 2H8Zm2-12a2 2 0 0 1 2 2v2h-1.5V2a.5.5 0 0 0-.5-.5H8V0h2Z\" \/>\n\t\t\t<\/svg>\n\t\t<\/button><\/figure>\n<\/figure>\n","protected":false},"excerpt":{"rendered":"<p>Carmen B\u0142\u0119kitek Rodow\u00f3d<\/p>\n","protected":false},"author":1,"featured_media":0,"parent":0,"menu_order":0,"comment_status":"closed","ping_status":"closed","template":"single-page-no-sidebar-full-width","meta":{"footnotes":""},"class_list":["post-201","page","type-page","status-publish","hentry"],"_links":{"self":[{"href":"http:\/\/blekitek.pl\/index.php\/wp-json\/wp\/v2\/pages\/201","targetHints":{"allow":["GET"]}}],"collection":[{"href":"http:\/\/blekitek.pl\/index.php\/wp-json\/wp\/v2\/pages"}],"about":[{"href":"http:\/\/blekitek.pl\/index.php\/wp-json\/wp\/v2\/types\/page"}],"author":[{"embeddable":true,"href":"http:\/\/blekitek.pl\/index.php\/wp-json\/wp\/v2\/users\/1"}],"replies":[{"embeddable":true,"href":"http:\/\/blekitek.pl\/index.php\/wp-json\/wp\/v2\/comments?post=201"}],"version-history":[{"count":6,"href":"http:\/\/blekitek.pl\/index.php\/wp-json\/wp\/v2\/pages\/201\/revisions"}],"predecessor-version":[{"id":423,"href":"http:\/\/blekitek.pl\/index.php\/wp-json\/wp\/v2\/pages\/201\/revisions\/423"}],"wp:attachment":[{"href":"http:\/\/blekitek.pl\/index.php\/wp-json\/wp\/v2\/media?parent=201"}],"curies":[{"name":"wp","href":"https:\/\/api.w.org\/{rel}","templated":true}]}}