{"id":216,"date":"2025-01-22T10:30:17","date_gmt":"2025-01-22T10:30:17","guid":{"rendered":"http:\/\/blekitek.pl\/?page_id=216"},"modified":"2025-08-17T08:55:21","modified_gmt":"2025-08-17T08:55:21","slug":"franka","status":"publish","type":"page","link":"http:\/\/blekitek.pl\/index.php\/franka\/","title":{"rendered":"Franka"},"content":{"rendered":"\n<p>Franka B\u0142\u0119kitek<\/p>\n\n\n\n<p><a href=\"http:\/\/blekitek.pl\/wp-content\/uploads\/2025\/02\/Franka.png\" target=\"_blank\" rel=\"noreferrer noopener\">Rodow\u00f3d<\/a><\/p>\n\n\n\n<div style=\"height:50px\" aria-hidden=\"true\" class=\"wp-block-spacer\"><\/div>\n\n\n\n<figure class=\"wp-block-gallery has-nested-images columns-default is-cropped wp-block-gallery-1 is-layout-flex wp-block-gallery-is-layout-flex\">\n<figure data-wp-context=\"{&quot;imageId&quot;:&quot;69ff42645636e&quot;}\" data-wp-interactive=\"core\/image\" data-wp-key=\"69ff42645636e\" class=\"wp-block-image size-full wp-lightbox-container\"><img loading=\"lazy\" decoding=\"async\" width=\"1920\" height=\"1280\" data-wp-class--hide=\"state.isContentHidden\" data-wp-class--show=\"state.isContentVisible\" data-wp-init=\"callbacks.setButtonStyles\" data-wp-on--click=\"actions.showLightbox\" data-wp-on--load=\"callbacks.setButtonStyles\" data-wp-on-window--resize=\"callbacks.setButtonStyles\" data-id=\"765\" src=\"http:\/\/blekitek.pl\/wp-content\/uploads\/2025\/08\/DSF5538.jpg\" alt=\"\" class=\"wp-image-765\" srcset=\"http:\/\/blekitek.pl\/wp-content\/uploads\/2025\/08\/DSF5538.jpg 1920w, http:\/\/blekitek.pl\/wp-content\/uploads\/2025\/08\/DSF5538-300x200.jpg 300w, http:\/\/blekitek.pl\/wp-content\/uploads\/2025\/08\/DSF5538-1024x683.jpg 1024w, http:\/\/blekitek.pl\/wp-content\/uploads\/2025\/08\/DSF5538-768x512.jpg 768w, http:\/\/blekitek.pl\/wp-content\/uploads\/2025\/08\/DSF5538-1536x1024.jpg 1536w\" sizes=\"auto, (max-width: 1920px) 100vw, 1920px\" \/><button\n\t\t\tclass=\"lightbox-trigger\"\n\t\t\ttype=\"button\"\n\t\t\taria-haspopup=\"dialog\"\n\t\t\taria-label=\"Powi\u0119ksz\"\n\t\t\tdata-wp-init=\"callbacks.initTriggerButton\"\n\t\t\tdata-wp-on--click=\"actions.showLightbox\"\n\t\t\tdata-wp-style--right=\"state.imageButtonRight\"\n\t\t\tdata-wp-style--top=\"state.imageButtonTop\"\n\t\t>\n\t\t\t<svg xmlns=\"http:\/\/www.w3.org\/2000\/svg\" width=\"12\" height=\"12\" fill=\"none\" viewBox=\"0 0 12 12\">\n\t\t\t\t<path fill=\"#fff\" d=\"M2 0a2 2 0 0 0-2 2v2h1.5V2a.5.5 0 0 1 .5-.5h2V0H2Zm2 10.5H2a.5.5 0 0 1-.5-.5V8H0v2a2 2 0 0 0 2 2h2v-1.5ZM8 12v-1.5h2a.5.5 0 0 0 .5-.5V8H12v2a2 2 0 0 1-2 2H8Zm2-12a2 2 0 0 1 2 2v2h-1.5V2a.5.5 0 0 0-.5-.5H8V0h2Z\" \/>\n\t\t\t<\/svg>\n\t\t<\/button><\/figure>\n\n\n\n<figure data-wp-context=\"{&quot;imageId&quot;:&quot;69ff426456dfb&quot;}\" data-wp-interactive=\"core\/image\" data-wp-key=\"69ff426456dfb\" class=\"wp-block-image size-full wp-lightbox-container\"><img loading=\"lazy\" decoding=\"async\" width=\"1920\" height=\"1280\" data-wp-class--hide=\"state.isContentHidden\" data-wp-class--show=\"state.isContentVisible\" data-wp-init=\"callbacks.setButtonStyles\" data-wp-on--click=\"actions.showLightbox\" data-wp-on--load=\"callbacks.setButtonStyles\" data-wp-on-window--resize=\"callbacks.setButtonStyles\" data-id=\"768\" src=\"http:\/\/blekitek.pl\/wp-content\/uploads\/2025\/08\/DSF5544.jpg\" alt=\"\" class=\"wp-image-768\" srcset=\"http:\/\/blekitek.pl\/wp-content\/uploads\/2025\/08\/DSF5544.jpg 1920w, http:\/\/blekitek.pl\/wp-content\/uploads\/2025\/08\/DSF5544-300x200.jpg 300w, http:\/\/blekitek.pl\/wp-content\/uploads\/2025\/08\/DSF5544-1024x683.jpg 1024w, http:\/\/blekitek.pl\/wp-content\/uploads\/2025\/08\/DSF5544-768x512.jpg 768w, http:\/\/blekitek.pl\/wp-content\/uploads\/2025\/08\/DSF5544-1536x1024.jpg 1536w\" sizes=\"auto, (max-width: 1920px) 100vw, 1920px\" \/><button\n\t\t\tclass=\"lightbox-trigger\"\n\t\t\ttype=\"button\"\n\t\t\taria-haspopup=\"dialog\"\n\t\t\taria-label=\"Powi\u0119ksz\"\n\t\t\tdata-wp-init=\"callbacks.initTriggerButton\"\n\t\t\tdata-wp-on--click=\"actions.showLightbox\"\n\t\t\tdata-wp-style--right=\"state.imageButtonRight\"\n\t\t\tdata-wp-style--top=\"state.imageButtonTop\"\n\t\t>\n\t\t\t<svg xmlns=\"http:\/\/www.w3.org\/2000\/svg\" width=\"12\" height=\"12\" fill=\"none\" viewBox=\"0 0 12 12\">\n\t\t\t\t<path fill=\"#fff\" d=\"M2 0a2 2 0 0 0-2 2v2h1.5V2a.5.5 0 0 1 .5-.5h2V0H2Zm2 10.5H2a.5.5 0 0 1-.5-.5V8H0v2a2 2 0 0 0 2 2h2v-1.5ZM8 12v-1.5h2a.5.5 0 0 0 .5-.5V8H12v2a2 2 0 0 1-2 2H8Zm2-12a2 2 0 0 1 2 2v2h-1.5V2a.5.5 0 0 0-.5-.5H8V0h2Z\" \/>\n\t\t\t<\/svg>\n\t\t<\/button><\/figure>\n<\/figure>\n\n\n\n<figure class=\"wp-block-gallery has-nested-images columns-default is-cropped wp-block-gallery-2 is-layout-flex wp-block-gallery-is-layout-flex\">\n<figure data-wp-context=\"{&quot;imageId&quot;:&quot;69ff4264581f3&quot;}\" data-wp-interactive=\"core\/image\" data-wp-key=\"69ff4264581f3\" class=\"wp-block-image size-full wp-lightbox-container\"><img loading=\"lazy\" decoding=\"async\" width=\"1280\" height=\"1920\" data-wp-class--hide=\"state.isContentHidden\" data-wp-class--show=\"state.isContentVisible\" data-wp-init=\"callbacks.setButtonStyles\" data-wp-on--click=\"actions.showLightbox\" data-wp-on--load=\"callbacks.setButtonStyles\" data-wp-on-window--resize=\"callbacks.setButtonStyles\" data-id=\"769\" src=\"http:\/\/blekitek.pl\/wp-content\/uploads\/2025\/08\/DSF5552.jpg\" alt=\"\" class=\"wp-image-769\" srcset=\"http:\/\/blekitek.pl\/wp-content\/uploads\/2025\/08\/DSF5552.jpg 1280w, http:\/\/blekitek.pl\/wp-content\/uploads\/2025\/08\/DSF5552-200x300.jpg 200w, http:\/\/blekitek.pl\/wp-content\/uploads\/2025\/08\/DSF5552-683x1024.jpg 683w, http:\/\/blekitek.pl\/wp-content\/uploads\/2025\/08\/DSF5552-768x1152.jpg 768w, http:\/\/blekitek.pl\/wp-content\/uploads\/2025\/08\/DSF5552-1024x1536.jpg 1024w\" sizes=\"auto, (max-width: 1280px) 100vw, 1280px\" \/><button\n\t\t\tclass=\"lightbox-trigger\"\n\t\t\ttype=\"button\"\n\t\t\taria-haspopup=\"dialog\"\n\t\t\taria-label=\"Powi\u0119ksz\"\n\t\t\tdata-wp-init=\"callbacks.initTriggerButton\"\n\t\t\tdata-wp-on--click=\"actions.showLightbox\"\n\t\t\tdata-wp-style--right=\"state.imageButtonRight\"\n\t\t\tdata-wp-style--top=\"state.imageButtonTop\"\n\t\t>\n\t\t\t<svg xmlns=\"http:\/\/www.w3.org\/2000\/svg\" width=\"12\" height=\"12\" fill=\"none\" viewBox=\"0 0 12 12\">\n\t\t\t\t<path fill=\"#fff\" d=\"M2 0a2 2 0 0 0-2 2v2h1.5V2a.5.5 0 0 1 .5-.5h2V0H2Zm2 10.5H2a.5.5 0 0 1-.5-.5V8H0v2a2 2 0 0 0 2 2h2v-1.5ZM8 12v-1.5h2a.5.5 0 0 0 .5-.5V8H12v2a2 2 0 0 1-2 2H8Zm2-12a2 2 0 0 1 2 2v2h-1.5V2a.5.5 0 0 0-.5-.5H8V0h2Z\" \/>\n\t\t\t<\/svg>\n\t\t<\/button><\/figure>\n\n\n\n<figure data-wp-context=\"{&quot;imageId&quot;:&quot;69ff4264588cd&quot;}\" data-wp-interactive=\"core\/image\" data-wp-key=\"69ff4264588cd\" class=\"wp-block-image size-full wp-lightbox-container\"><img loading=\"lazy\" decoding=\"async\" width=\"1280\" height=\"1920\" data-wp-class--hide=\"state.isContentHidden\" data-wp-class--show=\"state.isContentVisible\" data-wp-init=\"callbacks.setButtonStyles\" data-wp-on--click=\"actions.showLightbox\" data-wp-on--load=\"callbacks.setButtonStyles\" data-wp-on-window--resize=\"callbacks.setButtonStyles\" data-id=\"766\" src=\"http:\/\/blekitek.pl\/wp-content\/uploads\/2025\/08\/DSF5556.jpg\" alt=\"\" class=\"wp-image-766\" srcset=\"http:\/\/blekitek.pl\/wp-content\/uploads\/2025\/08\/DSF5556.jpg 1280w, http:\/\/blekitek.pl\/wp-content\/uploads\/2025\/08\/DSF5556-200x300.jpg 200w, http:\/\/blekitek.pl\/wp-content\/uploads\/2025\/08\/DSF5556-683x1024.jpg 683w, http:\/\/blekitek.pl\/wp-content\/uploads\/2025\/08\/DSF5556-768x1152.jpg 768w, http:\/\/blekitek.pl\/wp-content\/uploads\/2025\/08\/DSF5556-1024x1536.jpg 1024w\" sizes=\"auto, (max-width: 1280px) 100vw, 1280px\" \/><button\n\t\t\tclass=\"lightbox-trigger\"\n\t\t\ttype=\"button\"\n\t\t\taria-haspopup=\"dialog\"\n\t\t\taria-label=\"Powi\u0119ksz\"\n\t\t\tdata-wp-init=\"callbacks.initTriggerButton\"\n\t\t\tdata-wp-on--click=\"actions.showLightbox\"\n\t\t\tdata-wp-style--right=\"state.imageButtonRight\"\n\t\t\tdata-wp-style--top=\"state.imageButtonTop\"\n\t\t>\n\t\t\t<svg xmlns=\"http:\/\/www.w3.org\/2000\/svg\" width=\"12\" height=\"12\" fill=\"none\" viewBox=\"0 0 12 12\">\n\t\t\t\t<path fill=\"#fff\" d=\"M2 0a2 2 0 0 0-2 2v2h1.5V2a.5.5 0 0 1 .5-.5h2V0H2Zm2 10.5H2a.5.5 0 0 1-.5-.5V8H0v2a2 2 0 0 0 2 2h2v-1.5ZM8 12v-1.5h2a.5.5 0 0 0 .5-.5V8H12v2a2 2 0 0 1-2 2H8Zm2-12a2 2 0 0 1 2 2v2h-1.5V2a.5.5 0 0 0-.5-.5H8V0h2Z\" \/>\n\t\t\t<\/svg>\n\t\t<\/button><\/figure>\n<\/figure>\n\n\n\n<div style=\"height:80px\" aria-hidden=\"true\" class=\"wp-block-spacer\"><\/div>\n\n\n\n<figure class=\"wp-block-gallery has-nested-images columns-default is-cropped wp-block-gallery-3 is-layout-flex wp-block-gallery-is-layout-flex\">\n<figure data-wp-context=\"{&quot;imageId&quot;:&quot;69ff4264590e3&quot;}\" data-wp-interactive=\"core\/image\" data-wp-key=\"69ff4264590e3\" class=\"wp-block-image size-full wp-lightbox-container\"><img loading=\"lazy\" decoding=\"async\" width=\"1280\" height=\"1920\" data-wp-class--hide=\"state.isContentHidden\" data-wp-class--show=\"state.isContentVisible\" data-wp-init=\"callbacks.setButtonStyles\" data-wp-on--click=\"actions.showLightbox\" data-wp-on--load=\"callbacks.setButtonStyles\" data-wp-on-window--resize=\"callbacks.setButtonStyles\" data-id=\"217\" src=\"http:\/\/blekitek.pl\/wp-content\/uploads\/2025\/01\/DSF0196.jpg\" alt=\"\" class=\"wp-image-217\" srcset=\"http:\/\/blekitek.pl\/wp-content\/uploads\/2025\/01\/DSF0196.jpg 1280w, http:\/\/blekitek.pl\/wp-content\/uploads\/2025\/01\/DSF0196-200x300.jpg 200w, http:\/\/blekitek.pl\/wp-content\/uploads\/2025\/01\/DSF0196-683x1024.jpg 683w, http:\/\/blekitek.pl\/wp-content\/uploads\/2025\/01\/DSF0196-768x1152.jpg 768w, http:\/\/blekitek.pl\/wp-content\/uploads\/2025\/01\/DSF0196-1024x1536.jpg 1024w\" sizes=\"auto, (max-width: 1280px) 100vw, 1280px\" \/><button\n\t\t\tclass=\"lightbox-trigger\"\n\t\t\ttype=\"button\"\n\t\t\taria-haspopup=\"dialog\"\n\t\t\taria-label=\"Powi\u0119ksz\"\n\t\t\tdata-wp-init=\"callbacks.initTriggerButton\"\n\t\t\tdata-wp-on--click=\"actions.showLightbox\"\n\t\t\tdata-wp-style--right=\"state.imageButtonRight\"\n\t\t\tdata-wp-style--top=\"state.imageButtonTop\"\n\t\t>\n\t\t\t<svg xmlns=\"http:\/\/www.w3.org\/2000\/svg\" width=\"12\" height=\"12\" fill=\"none\" viewBox=\"0 0 12 12\">\n\t\t\t\t<path fill=\"#fff\" d=\"M2 0a2 2 0 0 0-2 2v2h1.5V2a.5.5 0 0 1 .5-.5h2V0H2Zm2 10.5H2a.5.5 0 0 1-.5-.5V8H0v2a2 2 0 0 0 2 2h2v-1.5ZM8 12v-1.5h2a.5.5 0 0 0 .5-.5V8H12v2a2 2 0 0 1-2 2H8Zm2-12a2 2 0 0 1 2 2v2h-1.5V2a.5.5 0 0 0-.5-.5H8V0h2Z\" \/>\n\t\t\t<\/svg>\n\t\t<\/button><\/figure>\n\n\n\n<figure data-wp-context=\"{&quot;imageId&quot;:&quot;69ff42645975f&quot;}\" data-wp-interactive=\"core\/image\" data-wp-key=\"69ff42645975f\" class=\"wp-block-image size-full wp-lightbox-container\"><img loading=\"lazy\" decoding=\"async\" width=\"1280\" height=\"1920\" data-wp-class--hide=\"state.isContentHidden\" data-wp-class--show=\"state.isContentVisible\" data-wp-init=\"callbacks.setButtonStyles\" data-wp-on--click=\"actions.showLightbox\" data-wp-on--load=\"callbacks.setButtonStyles\" data-wp-on-window--resize=\"callbacks.setButtonStyles\" data-id=\"218\" src=\"http:\/\/blekitek.pl\/wp-content\/uploads\/2025\/01\/DSF0200.jpg\" alt=\"\" class=\"wp-image-218\" srcset=\"http:\/\/blekitek.pl\/wp-content\/uploads\/2025\/01\/DSF0200.jpg 1280w, http:\/\/blekitek.pl\/wp-content\/uploads\/2025\/01\/DSF0200-200x300.jpg 200w, http:\/\/blekitek.pl\/wp-content\/uploads\/2025\/01\/DSF0200-683x1024.jpg 683w, http:\/\/blekitek.pl\/wp-content\/uploads\/2025\/01\/DSF0200-768x1152.jpg 768w, http:\/\/blekitek.pl\/wp-content\/uploads\/2025\/01\/DSF0200-1024x1536.jpg 1024w\" sizes=\"auto, (max-width: 1280px) 100vw, 1280px\" \/><button\n\t\t\tclass=\"lightbox-trigger\"\n\t\t\ttype=\"button\"\n\t\t\taria-haspopup=\"dialog\"\n\t\t\taria-label=\"Powi\u0119ksz\"\n\t\t\tdata-wp-init=\"callbacks.initTriggerButton\"\n\t\t\tdata-wp-on--click=\"actions.showLightbox\"\n\t\t\tdata-wp-style--right=\"state.imageButtonRight\"\n\t\t\tdata-wp-style--top=\"state.imageButtonTop\"\n\t\t>\n\t\t\t<svg xmlns=\"http:\/\/www.w3.org\/2000\/svg\" width=\"12\" height=\"12\" fill=\"none\" viewBox=\"0 0 12 12\">\n\t\t\t\t<path fill=\"#fff\" d=\"M2 0a2 2 0 0 0-2 2v2h1.5V2a.5.5 0 0 1 .5-.5h2V0H2Zm2 10.5H2a.5.5 0 0 1-.5-.5V8H0v2a2 2 0 0 0 2 2h2v-1.5ZM8 12v-1.5h2a.5.5 0 0 0 .5-.5V8H12v2a2 2 0 0 1-2 2H8Zm2-12a2 2 0 0 1 2 2v2h-1.5V2a.5.5 0 0 0-.5-.5H8V0h2Z\" \/>\n\t\t\t<\/svg>\n\t\t<\/button><\/figure>\n\n\n\n<figure data-wp-context=\"{&quot;imageId&quot;:&quot;69ff426459bff&quot;}\" data-wp-interactive=\"core\/image\" data-wp-key=\"69ff426459bff\" class=\"wp-block-image size-full wp-lightbox-container\"><img loading=\"lazy\" decoding=\"async\" width=\"1280\" height=\"1920\" data-wp-class--hide=\"state.isContentHidden\" data-wp-class--show=\"state.isContentVisible\" data-wp-init=\"callbacks.setButtonStyles\" data-wp-on--click=\"actions.showLightbox\" data-wp-on--load=\"callbacks.setButtonStyles\" data-wp-on-window--resize=\"callbacks.setButtonStyles\" data-id=\"220\" src=\"http:\/\/blekitek.pl\/wp-content\/uploads\/2025\/01\/DSF0210.jpg\" alt=\"\" class=\"wp-image-220\" srcset=\"http:\/\/blekitek.pl\/wp-content\/uploads\/2025\/01\/DSF0210.jpg 1280w, http:\/\/blekitek.pl\/wp-content\/uploads\/2025\/01\/DSF0210-200x300.jpg 200w, http:\/\/blekitek.pl\/wp-content\/uploads\/2025\/01\/DSF0210-683x1024.jpg 683w, http:\/\/blekitek.pl\/wp-content\/uploads\/2025\/01\/DSF0210-768x1152.jpg 768w, http:\/\/blekitek.pl\/wp-content\/uploads\/2025\/01\/DSF0210-1024x1536.jpg 1024w\" sizes=\"auto, (max-width: 1280px) 100vw, 1280px\" \/><button\n\t\t\tclass=\"lightbox-trigger\"\n\t\t\ttype=\"button\"\n\t\t\taria-haspopup=\"dialog\"\n\t\t\taria-label=\"Powi\u0119ksz\"\n\t\t\tdata-wp-init=\"callbacks.initTriggerButton\"\n\t\t\tdata-wp-on--click=\"actions.showLightbox\"\n\t\t\tdata-wp-style--right=\"state.imageButtonRight\"\n\t\t\tdata-wp-style--top=\"state.imageButtonTop\"\n\t\t>\n\t\t\t<svg xmlns=\"http:\/\/www.w3.org\/2000\/svg\" width=\"12\" height=\"12\" fill=\"none\" viewBox=\"0 0 12 12\">\n\t\t\t\t<path fill=\"#fff\" d=\"M2 0a2 2 0 0 0-2 2v2h1.5V2a.5.5 0 0 1 .5-.5h2V0H2Zm2 10.5H2a.5.5 0 0 1-.5-.5V8H0v2a2 2 0 0 0 2 2h2v-1.5ZM8 12v-1.5h2a.5.5 0 0 0 .5-.5V8H12v2a2 2 0 0 1-2 2H8Zm2-12a2 2 0 0 1 2 2v2h-1.5V2a.5.5 0 0 0-.5-.5H8V0h2Z\" \/>\n\t\t\t<\/svg>\n\t\t<\/button><\/figure>\n<\/figure>\n","protected":false},"excerpt":{"rendered":"<p>Franka B\u0142\u0119kitek Rodow\u00f3d<\/p>\n","protected":false},"author":1,"featured_media":0,"parent":0,"menu_order":0,"comment_status":"closed","ping_status":"closed","template":"single-page-no-sidebar-full-width","meta":{"footnotes":""},"class_list":["post-216","page","type-page","status-publish","hentry"],"_links":{"self":[{"href":"http:\/\/blekitek.pl\/index.php\/wp-json\/wp\/v2\/pages\/216","targetHints":{"allow":["GET"]}}],"collection":[{"href":"http:\/\/blekitek.pl\/index.php\/wp-json\/wp\/v2\/pages"}],"about":[{"href":"http:\/\/blekitek.pl\/index.php\/wp-json\/wp\/v2\/types\/page"}],"author":[{"embeddable":true,"href":"http:\/\/blekitek.pl\/index.php\/wp-json\/wp\/v2\/users\/1"}],"replies":[{"embeddable":true,"href":"http:\/\/blekitek.pl\/index.php\/wp-json\/wp\/v2\/comments?post=216"}],"version-history":[{"count":14,"href":"http:\/\/blekitek.pl\/index.php\/wp-json\/wp\/v2\/pages\/216\/revisions"}],"predecessor-version":[{"id":791,"href":"http:\/\/blekitek.pl\/index.php\/wp-json\/wp\/v2\/pages\/216\/revisions\/791"}],"wp:attachment":[{"href":"http:\/\/blekitek.pl\/index.php\/wp-json\/wp\/v2\/media?parent=216"}],"curies":[{"name":"wp","href":"https:\/\/api.w.org\/{rel}","templated":true}]}}