{"id":40,"date":"2025-01-20T11:36:07","date_gmt":"2025-01-20T11:36:07","guid":{"rendered":"http:\/\/blekitek.pl\/?page_id=40"},"modified":"2026-04-10T09:56:47","modified_gmt":"2026-04-10T09:56:47","slug":"o-hodowli","status":"publish","type":"page","link":"http:\/\/blekitek.pl\/index.php\/o-hodowli\/","title":{"rendered":"Koci\u0119ta"},"content":{"rendered":"\n<div style=\"height:50px\" aria-hidden=\"true\" class=\"wp-block-spacer\"><\/div>\n\n\n\n<p>Jak zarezerwowa\u0107 malucha w hodowli B\u0142\u0119kitek ?<\/p>\n\n\n\n<p>Zapraszamy do kontaktu za pomoc\u0105 poczty elektronicznej <a href=\"mailto:kontakt@blekitek.eu\">kontakt@blekitek.eu<\/a> lub numeru telefonu +48 510 623 383<\/p>\n\n\n\n<p>Po rozmowie otrzymacie Pa\u0144stwo umow\u0119 kupna sprzeda\u017cy, w kt\u00f3rej nale\u017cy zap\u0142aci\u0107 zadatek w celu rezerwacji kotka. Otrzymujecie r\u00f3wnie\u017c nasz autorski poradnik, kt\u00f3ry odpowie na wi\u0119kszo\u015b\u0107 waszych pyta\u0144. <\/p>\n\n\n\n<p>Zgodnie z wymogami Federacji Felis Polonia koci\u0119ta opuszczaj\u0105 hodowl\u0119 zachipowane, dwukrotnie zaszczepione i odrobaczone w wieku 14 tygodni.<\/p>\n\n\n\n<p>Do nowego domu otrzymuj\u0105 ksi\u0105\u017ceczk\u0119 zdrowia, rodow\u00f3d oraz wyprawk\u0119 w formie karmy suchej, karmy mokrej oraz zabawek.<\/p>\n\n\n\n<p>Nie sprzedajemy koci\u0105t do dom\u00f3w z mo\u017cliwo\u015bci\u0105 wychodzenia na zewn\u0105trz. <\/p>\n\n\n\n<p>Wszystkie koci\u0119ta sprzedawane nie do hodowli opuszczaj\u0105 nasz dom po zabiegu kastracji. <\/p>\n\n\n\n<p>Przewidziane jest jedno spotkanie w hodowli z zarezerwowanym kociakiem po pierwszym szczepieniu czyli oko\u0142o 9 tygodnia \u017cycia malucha. Nie przewidujemy wizyt w celu sprawdzenia wyst\u0119powania alergii na kota u przysz\u0142ych kupuj\u0105cych. Zalecamy zrobienie test\u00f3w u lekarza.<\/p>\n\n\n\n<p>Istnieje mo\u017cliwo\u015b\u0107 osobistego odwiedzenia naszej hodowli bez wniesionej rezerwacji za kociaka po wcze\u015bniejszym um\u00f3wieniu terminu. Za tak\u0105 wizyt\u0119 pobierana jest op\u0142ata w wysoko\u015bci 200 z\u0142, kt\u00f3ra w ca\u0142o\u015bci zostanie odliczona od ceny zakupu kota. <\/p>\n\n\n\n<p>Cena kotka to 5000 z\u0142<\/p>\n\n\n\n<div style=\"height:50px\" aria-hidden=\"true\" class=\"wp-block-spacer\"><\/div>\n\n\n\n<h3 class=\"wp-block-heading\"><strong>Dost\u0119pne koci\u0119ta<\/strong><\/h3>\n\n\n\n<div style=\"height:0px\" aria-hidden=\"true\" class=\"wp-block-spacer\"><\/div>\n\n\n\n<hr class=\"wp-block-separator has-alpha-channel-opacity is-style-wide\" style=\"margin-top:var(--wp--preset--spacing--50);margin-bottom:var(--wp--preset--spacing--50)\"\/>\n\n\n\n<p><\/p>\n\n\n\n<div style=\"height:50px\" aria-hidden=\"true\" class=\"wp-block-spacer\"><\/div>\n\n\n\n<p>mama Carmen, tata Clausena:<\/p>\n\n\n\n<p>ch\u0142opczyk &#8211; zarezerwowany<\/p>\n\n\n\n<p>ch\u0142opczyk &#8211; zarezerwowany<\/p>\n\n\n\n<div style=\"height:25px\" aria-hidden=\"true\" class=\"wp-block-spacer\"><\/div>\n\n\n\n<p>mama Harizma, tata Clausena :<\/p>\n\n\n\n<p>dziewczynka &#8211; obserwacja hodowlana<\/p>\n\n\n\n<p>dziewczynka &#8211; zarezerwowana<\/p>\n\n\n\n<p>ch\u0142opczyk &#8211; zarezerwowany<\/p>\n\n\n\n<figure class=\"wp-block-gallery has-nested-images columns-default is-cropped wp-block-gallery-1 is-layout-flex wp-block-gallery-is-layout-flex\">\n<figure data-wp-context=\"{&quot;imageId&quot;:&quot;6a04b00b7f21a&quot;}\" data-wp-interactive=\"core\/image\" data-wp-key=\"6a04b00b7f21a\" class=\"wp-block-image size-large wp-lightbox-container\"><img loading=\"lazy\" decoding=\"async\" width=\"1024\" height=\"683\" data-wp-class--hide=\"state.isContentHidden\" data-wp-class--show=\"state.isContentVisible\" data-wp-init=\"callbacks.setButtonStyles\" data-wp-on--click=\"actions.showLightbox\" data-wp-on--load=\"callbacks.setButtonStyles\" data-wp-on-window--resize=\"callbacks.setButtonStyles\" data-id=\"1233\" src=\"https:\/\/blekitek.pl\/wp-content\/uploads\/2026\/03\/DSF3243-1024x683.jpg\" alt=\"\" class=\"wp-image-1233\" srcset=\"http:\/\/blekitek.pl\/wp-content\/uploads\/2026\/03\/DSF3243-1024x683.jpg 1024w, http:\/\/blekitek.pl\/wp-content\/uploads\/2026\/03\/DSF3243-300x200.jpg 300w, http:\/\/blekitek.pl\/wp-content\/uploads\/2026\/03\/DSF3243-768x512.jpg 768w, http:\/\/blekitek.pl\/wp-content\/uploads\/2026\/03\/DSF3243-1536x1024.jpg 1536w, http:\/\/blekitek.pl\/wp-content\/uploads\/2026\/03\/DSF3243.jpg 1920w\" sizes=\"auto, (max-width: 1024px) 100vw, 1024px\" \/><button\n\t\t\tclass=\"lightbox-trigger\"\n\t\t\ttype=\"button\"\n\t\t\taria-haspopup=\"dialog\"\n\t\t\taria-label=\"Powi\u0119ksz\"\n\t\t\tdata-wp-init=\"callbacks.initTriggerButton\"\n\t\t\tdata-wp-on--click=\"actions.showLightbox\"\n\t\t\tdata-wp-style--right=\"state.imageButtonRight\"\n\t\t\tdata-wp-style--top=\"state.imageButtonTop\"\n\t\t>\n\t\t\t<svg xmlns=\"http:\/\/www.w3.org\/2000\/svg\" width=\"12\" height=\"12\" fill=\"none\" viewBox=\"0 0 12 12\">\n\t\t\t\t<path fill=\"#fff\" d=\"M2 0a2 2 0 0 0-2 2v2h1.5V2a.5.5 0 0 1 .5-.5h2V0H2Zm2 10.5H2a.5.5 0 0 1-.5-.5V8H0v2a2 2 0 0 0 2 2h2v-1.5ZM8 12v-1.5h2a.5.5 0 0 0 .5-.5V8H12v2a2 2 0 0 1-2 2H8Zm2-12a2 2 0 0 1 2 2v2h-1.5V2a.5.5 0 0 0-.5-.5H8V0h2Z\" \/>\n\t\t\t<\/svg>\n\t\t<\/button><\/figure>\n\n\n\n<figure data-wp-context=\"{&quot;imageId&quot;:&quot;6a04b00b7f7b7&quot;}\" data-wp-interactive=\"core\/image\" data-wp-key=\"6a04b00b7f7b7\" class=\"wp-block-image size-large wp-lightbox-container\"><img loading=\"lazy\" decoding=\"async\" width=\"1024\" height=\"683\" data-wp-class--hide=\"state.isContentHidden\" data-wp-class--show=\"state.isContentVisible\" data-wp-init=\"callbacks.setButtonStyles\" data-wp-on--click=\"actions.showLightbox\" data-wp-on--load=\"callbacks.setButtonStyles\" data-wp-on-window--resize=\"callbacks.setButtonStyles\" data-id=\"1234\" src=\"https:\/\/blekitek.pl\/wp-content\/uploads\/2026\/03\/DSF3240-1024x683.jpg\" alt=\"\" class=\"wp-image-1234\" srcset=\"http:\/\/blekitek.pl\/wp-content\/uploads\/2026\/03\/DSF3240-1024x683.jpg 1024w, http:\/\/blekitek.pl\/wp-content\/uploads\/2026\/03\/DSF3240-300x200.jpg 300w, http:\/\/blekitek.pl\/wp-content\/uploads\/2026\/03\/DSF3240-768x512.jpg 768w, http:\/\/blekitek.pl\/wp-content\/uploads\/2026\/03\/DSF3240-1536x1024.jpg 1536w, http:\/\/blekitek.pl\/wp-content\/uploads\/2026\/03\/DSF3240.jpg 1920w\" sizes=\"auto, (max-width: 1024px) 100vw, 1024px\" \/><button\n\t\t\tclass=\"lightbox-trigger\"\n\t\t\ttype=\"button\"\n\t\t\taria-haspopup=\"dialog\"\n\t\t\taria-label=\"Powi\u0119ksz\"\n\t\t\tdata-wp-init=\"callbacks.initTriggerButton\"\n\t\t\tdata-wp-on--click=\"actions.showLightbox\"\n\t\t\tdata-wp-style--right=\"state.imageButtonRight\"\n\t\t\tdata-wp-style--top=\"state.imageButtonTop\"\n\t\t>\n\t\t\t<svg xmlns=\"http:\/\/www.w3.org\/2000\/svg\" width=\"12\" height=\"12\" fill=\"none\" viewBox=\"0 0 12 12\">\n\t\t\t\t<path fill=\"#fff\" d=\"M2 0a2 2 0 0 0-2 2v2h1.5V2a.5.5 0 0 1 .5-.5h2V0H2Zm2 10.5H2a.5.5 0 0 1-.5-.5V8H0v2a2 2 0 0 0 2 2h2v-1.5ZM8 12v-1.5h2a.5.5 0 0 0 .5-.5V8H12v2a2 2 0 0 1-2 2H8Zm2-12a2 2 0 0 1 2 2v2h-1.5V2a.5.5 0 0 0-.5-.5H8V0h2Z\" \/>\n\t\t\t<\/svg>\n\t\t<\/button><\/figure>\n\n\n\n<figure data-wp-context=\"{&quot;imageId&quot;:&quot;6a04b00b7fd02&quot;}\" data-wp-interactive=\"core\/image\" data-wp-key=\"6a04b00b7fd02\" class=\"wp-block-image size-large wp-lightbox-container\"><img loading=\"lazy\" decoding=\"async\" width=\"1024\" height=\"683\" data-wp-class--hide=\"state.isContentHidden\" data-wp-class--show=\"state.isContentVisible\" data-wp-init=\"callbacks.setButtonStyles\" data-wp-on--click=\"actions.showLightbox\" data-wp-on--load=\"callbacks.setButtonStyles\" data-wp-on-window--resize=\"callbacks.setButtonStyles\" data-id=\"1235\" src=\"https:\/\/blekitek.pl\/wp-content\/uploads\/2026\/03\/DSF3226-1024x683.jpg\" alt=\"\" class=\"wp-image-1235\" srcset=\"http:\/\/blekitek.pl\/wp-content\/uploads\/2026\/03\/DSF3226-1024x683.jpg 1024w, http:\/\/blekitek.pl\/wp-content\/uploads\/2026\/03\/DSF3226-300x200.jpg 300w, http:\/\/blekitek.pl\/wp-content\/uploads\/2026\/03\/DSF3226-768x512.jpg 768w, http:\/\/blekitek.pl\/wp-content\/uploads\/2026\/03\/DSF3226-1536x1024.jpg 1536w, http:\/\/blekitek.pl\/wp-content\/uploads\/2026\/03\/DSF3226.jpg 1920w\" sizes=\"auto, (max-width: 1024px) 100vw, 1024px\" \/><button\n\t\t\tclass=\"lightbox-trigger\"\n\t\t\ttype=\"button\"\n\t\t\taria-haspopup=\"dialog\"\n\t\t\taria-label=\"Powi\u0119ksz\"\n\t\t\tdata-wp-init=\"callbacks.initTriggerButton\"\n\t\t\tdata-wp-on--click=\"actions.showLightbox\"\n\t\t\tdata-wp-style--right=\"state.imageButtonRight\"\n\t\t\tdata-wp-style--top=\"state.imageButtonTop\"\n\t\t>\n\t\t\t<svg xmlns=\"http:\/\/www.w3.org\/2000\/svg\" width=\"12\" height=\"12\" fill=\"none\" viewBox=\"0 0 12 12\">\n\t\t\t\t<path fill=\"#fff\" d=\"M2 0a2 2 0 0 0-2 2v2h1.5V2a.5.5 0 0 1 .5-.5h2V0H2Zm2 10.5H2a.5.5 0 0 1-.5-.5V8H0v2a2 2 0 0 0 2 2h2v-1.5ZM8 12v-1.5h2a.5.5 0 0 0 .5-.5V8H12v2a2 2 0 0 1-2 2H8Zm2-12a2 2 0 0 1 2 2v2h-1.5V2a.5.5 0 0 0-.5-.5H8V0h2Z\" \/>\n\t\t\t<\/svg>\n\t\t<\/button><\/figure>\n\n\n\n<figure data-wp-context=\"{&quot;imageId&quot;:&quot;6a04b00b80391&quot;}\" data-wp-interactive=\"core\/image\" data-wp-key=\"6a04b00b80391\" class=\"wp-block-image size-large wp-lightbox-container\"><img loading=\"lazy\" decoding=\"async\" width=\"1024\" height=\"683\" data-wp-class--hide=\"state.isContentHidden\" data-wp-class--show=\"state.isContentVisible\" data-wp-init=\"callbacks.setButtonStyles\" data-wp-on--click=\"actions.showLightbox\" data-wp-on--load=\"callbacks.setButtonStyles\" data-wp-on-window--resize=\"callbacks.setButtonStyles\" data-id=\"1236\" src=\"https:\/\/blekitek.pl\/wp-content\/uploads\/2026\/03\/DSF3173-1024x683.jpg\" alt=\"\" class=\"wp-image-1236\" srcset=\"http:\/\/blekitek.pl\/wp-content\/uploads\/2026\/03\/DSF3173-1024x683.jpg 1024w, http:\/\/blekitek.pl\/wp-content\/uploads\/2026\/03\/DSF3173-300x200.jpg 300w, http:\/\/blekitek.pl\/wp-content\/uploads\/2026\/03\/DSF3173-768x512.jpg 768w, http:\/\/blekitek.pl\/wp-content\/uploads\/2026\/03\/DSF3173-1536x1024.jpg 1536w, http:\/\/blekitek.pl\/wp-content\/uploads\/2026\/03\/DSF3173.jpg 1920w\" sizes=\"auto, (max-width: 1024px) 100vw, 1024px\" \/><button\n\t\t\tclass=\"lightbox-trigger\"\n\t\t\ttype=\"button\"\n\t\t\taria-haspopup=\"dialog\"\n\t\t\taria-label=\"Powi\u0119ksz\"\n\t\t\tdata-wp-init=\"callbacks.initTriggerButton\"\n\t\t\tdata-wp-on--click=\"actions.showLightbox\"\n\t\t\tdata-wp-style--right=\"state.imageButtonRight\"\n\t\t\tdata-wp-style--top=\"state.imageButtonTop\"\n\t\t>\n\t\t\t<svg xmlns=\"http:\/\/www.w3.org\/2000\/svg\" width=\"12\" height=\"12\" fill=\"none\" viewBox=\"0 0 12 12\">\n\t\t\t\t<path fill=\"#fff\" d=\"M2 0a2 2 0 0 0-2 2v2h1.5V2a.5.5 0 0 1 .5-.5h2V0H2Zm2 10.5H2a.5.5 0 0 1-.5-.5V8H0v2a2 2 0 0 0 2 2h2v-1.5ZM8 12v-1.5h2a.5.5 0 0 0 .5-.5V8H12v2a2 2 0 0 1-2 2H8Zm2-12a2 2 0 0 1 2 2v2h-1.5V2a.5.5 0 0 0-.5-.5H8V0h2Z\" \/>\n\t\t\t<\/svg>\n\t\t<\/button><\/figure>\n\n\n\n<figure data-wp-context=\"{&quot;imageId&quot;:&quot;6a04b00b807d6&quot;}\" data-wp-interactive=\"core\/image\" data-wp-key=\"6a04b00b807d6\" class=\"wp-block-image size-large wp-lightbox-container\"><img loading=\"lazy\" decoding=\"async\" width=\"1024\" height=\"683\" data-wp-class--hide=\"state.isContentHidden\" data-wp-class--show=\"state.isContentVisible\" data-wp-init=\"callbacks.setButtonStyles\" data-wp-on--click=\"actions.showLightbox\" data-wp-on--load=\"callbacks.setButtonStyles\" data-wp-on-window--resize=\"callbacks.setButtonStyles\" data-id=\"1237\" src=\"https:\/\/blekitek.pl\/wp-content\/uploads\/2026\/03\/DSF3194-1024x683.jpg\" alt=\"\" class=\"wp-image-1237\" srcset=\"http:\/\/blekitek.pl\/wp-content\/uploads\/2026\/03\/DSF3194-1024x683.jpg 1024w, http:\/\/blekitek.pl\/wp-content\/uploads\/2026\/03\/DSF3194-300x200.jpg 300w, http:\/\/blekitek.pl\/wp-content\/uploads\/2026\/03\/DSF3194-768x512.jpg 768w, http:\/\/blekitek.pl\/wp-content\/uploads\/2026\/03\/DSF3194-1536x1024.jpg 1536w, http:\/\/blekitek.pl\/wp-content\/uploads\/2026\/03\/DSF3194.jpg 1920w\" sizes=\"auto, (max-width: 1024px) 100vw, 1024px\" \/><button\n\t\t\tclass=\"lightbox-trigger\"\n\t\t\ttype=\"button\"\n\t\t\taria-haspopup=\"dialog\"\n\t\t\taria-label=\"Powi\u0119ksz\"\n\t\t\tdata-wp-init=\"callbacks.initTriggerButton\"\n\t\t\tdata-wp-on--click=\"actions.showLightbox\"\n\t\t\tdata-wp-style--right=\"state.imageButtonRight\"\n\t\t\tdata-wp-style--top=\"state.imageButtonTop\"\n\t\t>\n\t\t\t<svg xmlns=\"http:\/\/www.w3.org\/2000\/svg\" width=\"12\" height=\"12\" fill=\"none\" viewBox=\"0 0 12 12\">\n\t\t\t\t<path fill=\"#fff\" d=\"M2 0a2 2 0 0 0-2 2v2h1.5V2a.5.5 0 0 1 .5-.5h2V0H2Zm2 10.5H2a.5.5 0 0 1-.5-.5V8H0v2a2 2 0 0 0 2 2h2v-1.5ZM8 12v-1.5h2a.5.5 0 0 0 .5-.5V8H12v2a2 2 0 0 1-2 2H8Zm2-12a2 2 0 0 1 2 2v2h-1.5V2a.5.5 0 0 0-.5-.5H8V0h2Z\" \/>\n\t\t\t<\/svg>\n\t\t<\/button><\/figure>\n\n\n\n<figure data-wp-context=\"{&quot;imageId&quot;:&quot;6a04b00b80c4f&quot;}\" data-wp-interactive=\"core\/image\" data-wp-key=\"6a04b00b80c4f\" class=\"wp-block-image size-large wp-lightbox-container\"><img loading=\"lazy\" decoding=\"async\" width=\"1024\" height=\"683\" data-wp-class--hide=\"state.isContentHidden\" data-wp-class--show=\"state.isContentVisible\" data-wp-init=\"callbacks.setButtonStyles\" data-wp-on--click=\"actions.showLightbox\" data-wp-on--load=\"callbacks.setButtonStyles\" data-wp-on-window--resize=\"callbacks.setButtonStyles\" data-id=\"1238\" src=\"https:\/\/blekitek.pl\/wp-content\/uploads\/2026\/03\/DSF3169-1024x683.jpg\" alt=\"\" class=\"wp-image-1238\" srcset=\"http:\/\/blekitek.pl\/wp-content\/uploads\/2026\/03\/DSF3169-1024x683.jpg 1024w, http:\/\/blekitek.pl\/wp-content\/uploads\/2026\/03\/DSF3169-300x200.jpg 300w, http:\/\/blekitek.pl\/wp-content\/uploads\/2026\/03\/DSF3169-768x512.jpg 768w, http:\/\/blekitek.pl\/wp-content\/uploads\/2026\/03\/DSF3169-1536x1024.jpg 1536w, http:\/\/blekitek.pl\/wp-content\/uploads\/2026\/03\/DSF3169.jpg 1920w\" sizes=\"auto, (max-width: 1024px) 100vw, 1024px\" \/><button\n\t\t\tclass=\"lightbox-trigger\"\n\t\t\ttype=\"button\"\n\t\t\taria-haspopup=\"dialog\"\n\t\t\taria-label=\"Powi\u0119ksz\"\n\t\t\tdata-wp-init=\"callbacks.initTriggerButton\"\n\t\t\tdata-wp-on--click=\"actions.showLightbox\"\n\t\t\tdata-wp-style--right=\"state.imageButtonRight\"\n\t\t\tdata-wp-style--top=\"state.imageButtonTop\"\n\t\t>\n\t\t\t<svg xmlns=\"http:\/\/www.w3.org\/2000\/svg\" width=\"12\" height=\"12\" fill=\"none\" viewBox=\"0 0 12 12\">\n\t\t\t\t<path fill=\"#fff\" d=\"M2 0a2 2 0 0 0-2 2v2h1.5V2a.5.5 0 0 1 .5-.5h2V0H2Zm2 10.5H2a.5.5 0 0 1-.5-.5V8H0v2a2 2 0 0 0 2 2h2v-1.5ZM8 12v-1.5h2a.5.5 0 0 0 .5-.5V8H12v2a2 2 0 0 1-2 2H8Zm2-12a2 2 0 0 1 2 2v2h-1.5V2a.5.5 0 0 0-.5-.5H8V0h2Z\" \/>\n\t\t\t<\/svg>\n\t\t<\/button><\/figure>\n\n\n\n<figure data-wp-context=\"{&quot;imageId&quot;:&quot;6a04b00b81402&quot;}\" data-wp-interactive=\"core\/image\" data-wp-key=\"6a04b00b81402\" class=\"wp-block-image size-large wp-lightbox-container\"><img loading=\"lazy\" decoding=\"async\" width=\"1024\" height=\"683\" data-wp-class--hide=\"state.isContentHidden\" data-wp-class--show=\"state.isContentVisible\" data-wp-init=\"callbacks.setButtonStyles\" data-wp-on--click=\"actions.showLightbox\" data-wp-on--load=\"callbacks.setButtonStyles\" data-wp-on-window--resize=\"callbacks.setButtonStyles\" data-id=\"1239\" src=\"https:\/\/blekitek.pl\/wp-content\/uploads\/2026\/03\/DSF3167-1024x683.jpg\" alt=\"\" class=\"wp-image-1239\" srcset=\"http:\/\/blekitek.pl\/wp-content\/uploads\/2026\/03\/DSF3167-1024x683.jpg 1024w, http:\/\/blekitek.pl\/wp-content\/uploads\/2026\/03\/DSF3167-300x200.jpg 300w, http:\/\/blekitek.pl\/wp-content\/uploads\/2026\/03\/DSF3167-768x512.jpg 768w, http:\/\/blekitek.pl\/wp-content\/uploads\/2026\/03\/DSF3167-1536x1024.jpg 1536w, http:\/\/blekitek.pl\/wp-content\/uploads\/2026\/03\/DSF3167.jpg 1920w\" sizes=\"auto, (max-width: 1024px) 100vw, 1024px\" \/><button\n\t\t\tclass=\"lightbox-trigger\"\n\t\t\ttype=\"button\"\n\t\t\taria-haspopup=\"dialog\"\n\t\t\taria-label=\"Powi\u0119ksz\"\n\t\t\tdata-wp-init=\"callbacks.initTriggerButton\"\n\t\t\tdata-wp-on--click=\"actions.showLightbox\"\n\t\t\tdata-wp-style--right=\"state.imageButtonRight\"\n\t\t\tdata-wp-style--top=\"state.imageButtonTop\"\n\t\t>\n\t\t\t<svg xmlns=\"http:\/\/www.w3.org\/2000\/svg\" width=\"12\" height=\"12\" fill=\"none\" viewBox=\"0 0 12 12\">\n\t\t\t\t<path fill=\"#fff\" d=\"M2 0a2 2 0 0 0-2 2v2h1.5V2a.5.5 0 0 1 .5-.5h2V0H2Zm2 10.5H2a.5.5 0 0 1-.5-.5V8H0v2a2 2 0 0 0 2 2h2v-1.5ZM8 12v-1.5h2a.5.5 0 0 0 .5-.5V8H12v2a2 2 0 0 1-2 2H8Zm2-12a2 2 0 0 1 2 2v2h-1.5V2a.5.5 0 0 0-.5-.5H8V0h2Z\" \/>\n\t\t\t<\/svg>\n\t\t<\/button><\/figure>\n\n\n\n<figure data-wp-context=\"{&quot;imageId&quot;:&quot;6a04b00b81ba9&quot;}\" data-wp-interactive=\"core\/image\" data-wp-key=\"6a04b00b81ba9\" class=\"wp-block-image size-large wp-lightbox-container\"><img loading=\"lazy\" decoding=\"async\" width=\"1024\" height=\"683\" data-wp-class--hide=\"state.isContentHidden\" data-wp-class--show=\"state.isContentVisible\" data-wp-init=\"callbacks.setButtonStyles\" data-wp-on--click=\"actions.showLightbox\" data-wp-on--load=\"callbacks.setButtonStyles\" data-wp-on-window--resize=\"callbacks.setButtonStyles\" data-id=\"1240\" src=\"https:\/\/blekitek.pl\/wp-content\/uploads\/2026\/03\/DSF3161-1024x683.jpg\" alt=\"\" class=\"wp-image-1240\" srcset=\"http:\/\/blekitek.pl\/wp-content\/uploads\/2026\/03\/DSF3161-1024x683.jpg 1024w, http:\/\/blekitek.pl\/wp-content\/uploads\/2026\/03\/DSF3161-300x200.jpg 300w, http:\/\/blekitek.pl\/wp-content\/uploads\/2026\/03\/DSF3161-768x512.jpg 768w, http:\/\/blekitek.pl\/wp-content\/uploads\/2026\/03\/DSF3161-1536x1024.jpg 1536w, http:\/\/blekitek.pl\/wp-content\/uploads\/2026\/03\/DSF3161.jpg 1920w\" sizes=\"auto, (max-width: 1024px) 100vw, 1024px\" \/><button\n\t\t\tclass=\"lightbox-trigger\"\n\t\t\ttype=\"button\"\n\t\t\taria-haspopup=\"dialog\"\n\t\t\taria-label=\"Powi\u0119ksz\"\n\t\t\tdata-wp-init=\"callbacks.initTriggerButton\"\n\t\t\tdata-wp-on--click=\"actions.showLightbox\"\n\t\t\tdata-wp-style--right=\"state.imageButtonRight\"\n\t\t\tdata-wp-style--top=\"state.imageButtonTop\"\n\t\t>\n\t\t\t<svg xmlns=\"http:\/\/www.w3.org\/2000\/svg\" width=\"12\" height=\"12\" fill=\"none\" viewBox=\"0 0 12 12\">\n\t\t\t\t<path fill=\"#fff\" d=\"M2 0a2 2 0 0 0-2 2v2h1.5V2a.5.5 0 0 1 .5-.5h2V0H2Zm2 10.5H2a.5.5 0 0 1-.5-.5V8H0v2a2 2 0 0 0 2 2h2v-1.5ZM8 12v-1.5h2a.5.5 0 0 0 .5-.5V8H12v2a2 2 0 0 1-2 2H8Zm2-12a2 2 0 0 1 2 2v2h-1.5V2a.5.5 0 0 0-.5-.5H8V0h2Z\" \/>\n\t\t\t<\/svg>\n\t\t<\/button><\/figure>\n\n\n\n<figure data-wp-context=\"{&quot;imageId&quot;:&quot;6a04b00b820f2&quot;}\" data-wp-interactive=\"core\/image\" data-wp-key=\"6a04b00b820f2\" class=\"wp-block-image size-large wp-lightbox-container\"><img loading=\"lazy\" decoding=\"async\" width=\"1024\" height=\"683\" data-wp-class--hide=\"state.isContentHidden\" data-wp-class--show=\"state.isContentVisible\" data-wp-init=\"callbacks.setButtonStyles\" data-wp-on--click=\"actions.showLightbox\" data-wp-on--load=\"callbacks.setButtonStyles\" data-wp-on-window--resize=\"callbacks.setButtonStyles\" data-id=\"1241\" src=\"https:\/\/blekitek.pl\/wp-content\/uploads\/2026\/03\/DSF3158-1024x683.jpg\" alt=\"\" class=\"wp-image-1241\" srcset=\"http:\/\/blekitek.pl\/wp-content\/uploads\/2026\/03\/DSF3158-1024x683.jpg 1024w, http:\/\/blekitek.pl\/wp-content\/uploads\/2026\/03\/DSF3158-300x200.jpg 300w, http:\/\/blekitek.pl\/wp-content\/uploads\/2026\/03\/DSF3158-768x512.jpg 768w, http:\/\/blekitek.pl\/wp-content\/uploads\/2026\/03\/DSF3158-1536x1024.jpg 1536w, http:\/\/blekitek.pl\/wp-content\/uploads\/2026\/03\/DSF3158.jpg 1920w\" sizes=\"auto, (max-width: 1024px) 100vw, 1024px\" \/><button\n\t\t\tclass=\"lightbox-trigger\"\n\t\t\ttype=\"button\"\n\t\t\taria-haspopup=\"dialog\"\n\t\t\taria-label=\"Powi\u0119ksz\"\n\t\t\tdata-wp-init=\"callbacks.initTriggerButton\"\n\t\t\tdata-wp-on--click=\"actions.showLightbox\"\n\t\t\tdata-wp-style--right=\"state.imageButtonRight\"\n\t\t\tdata-wp-style--top=\"state.imageButtonTop\"\n\t\t>\n\t\t\t<svg xmlns=\"http:\/\/www.w3.org\/2000\/svg\" width=\"12\" height=\"12\" fill=\"none\" viewBox=\"0 0 12 12\">\n\t\t\t\t<path fill=\"#fff\" d=\"M2 0a2 2 0 0 0-2 2v2h1.5V2a.5.5 0 0 1 .5-.5h2V0H2Zm2 10.5H2a.5.5 0 0 1-.5-.5V8H0v2a2 2 0 0 0 2 2h2v-1.5ZM8 12v-1.5h2a.5.5 0 0 0 .5-.5V8H12v2a2 2 0 0 1-2 2H8Zm2-12a2 2 0 0 1 2 2v2h-1.5V2a.5.5 0 0 0-.5-.5H8V0h2Z\" \/>\n\t\t\t<\/svg>\n\t\t<\/button><\/figure>\n\n\n\n<figure data-wp-context=\"{&quot;imageId&quot;:&quot;6a04b00b824ef&quot;}\" data-wp-interactive=\"core\/image\" data-wp-key=\"6a04b00b824ef\" class=\"wp-block-image size-large wp-lightbox-container\"><img loading=\"lazy\" decoding=\"async\" width=\"1024\" height=\"683\" data-wp-class--hide=\"state.isContentHidden\" data-wp-class--show=\"state.isContentVisible\" data-wp-init=\"callbacks.setButtonStyles\" data-wp-on--click=\"actions.showLightbox\" data-wp-on--load=\"callbacks.setButtonStyles\" data-wp-on-window--resize=\"callbacks.setButtonStyles\" data-id=\"1242\" src=\"https:\/\/blekitek.pl\/wp-content\/uploads\/2026\/03\/DSF3154-1024x683.jpg\" alt=\"\" class=\"wp-image-1242\" srcset=\"http:\/\/blekitek.pl\/wp-content\/uploads\/2026\/03\/DSF3154-1024x683.jpg 1024w, http:\/\/blekitek.pl\/wp-content\/uploads\/2026\/03\/DSF3154-300x200.jpg 300w, http:\/\/blekitek.pl\/wp-content\/uploads\/2026\/03\/DSF3154-768x512.jpg 768w, http:\/\/blekitek.pl\/wp-content\/uploads\/2026\/03\/DSF3154-1536x1024.jpg 1536w, http:\/\/blekitek.pl\/wp-content\/uploads\/2026\/03\/DSF3154.jpg 1920w\" sizes=\"auto, (max-width: 1024px) 100vw, 1024px\" \/><button\n\t\t\tclass=\"lightbox-trigger\"\n\t\t\ttype=\"button\"\n\t\t\taria-haspopup=\"dialog\"\n\t\t\taria-label=\"Powi\u0119ksz\"\n\t\t\tdata-wp-init=\"callbacks.initTriggerButton\"\n\t\t\tdata-wp-on--click=\"actions.showLightbox\"\n\t\t\tdata-wp-style--right=\"state.imageButtonRight\"\n\t\t\tdata-wp-style--top=\"state.imageButtonTop\"\n\t\t>\n\t\t\t<svg xmlns=\"http:\/\/www.w3.org\/2000\/svg\" width=\"12\" height=\"12\" fill=\"none\" viewBox=\"0 0 12 12\">\n\t\t\t\t<path fill=\"#fff\" d=\"M2 0a2 2 0 0 0-2 2v2h1.5V2a.5.5 0 0 1 .5-.5h2V0H2Zm2 10.5H2a.5.5 0 0 1-.5-.5V8H0v2a2 2 0 0 0 2 2h2v-1.5ZM8 12v-1.5h2a.5.5 0 0 0 .5-.5V8H12v2a2 2 0 0 1-2 2H8Zm2-12a2 2 0 0 1 2 2v2h-1.5V2a.5.5 0 0 0-.5-.5H8V0h2Z\" \/>\n\t\t\t<\/svg>\n\t\t<\/button><\/figure>\n\n\n\n<figure data-wp-context=\"{&quot;imageId&quot;:&quot;6a04b00b8291b&quot;}\" data-wp-interactive=\"core\/image\" data-wp-key=\"6a04b00b8291b\" class=\"wp-block-image size-large wp-lightbox-container\"><img loading=\"lazy\" decoding=\"async\" width=\"1024\" height=\"683\" data-wp-class--hide=\"state.isContentHidden\" data-wp-class--show=\"state.isContentVisible\" data-wp-init=\"callbacks.setButtonStyles\" data-wp-on--click=\"actions.showLightbox\" data-wp-on--load=\"callbacks.setButtonStyles\" data-wp-on-window--resize=\"callbacks.setButtonStyles\" data-id=\"1243\" src=\"https:\/\/blekitek.pl\/wp-content\/uploads\/2026\/03\/DSF3125-1024x683.jpg\" alt=\"\" class=\"wp-image-1243\" srcset=\"http:\/\/blekitek.pl\/wp-content\/uploads\/2026\/03\/DSF3125-1024x683.jpg 1024w, http:\/\/blekitek.pl\/wp-content\/uploads\/2026\/03\/DSF3125-300x200.jpg 300w, http:\/\/blekitek.pl\/wp-content\/uploads\/2026\/03\/DSF3125-768x512.jpg 768w, http:\/\/blekitek.pl\/wp-content\/uploads\/2026\/03\/DSF3125-1536x1024.jpg 1536w, http:\/\/blekitek.pl\/wp-content\/uploads\/2026\/03\/DSF3125.jpg 1920w\" sizes=\"auto, (max-width: 1024px) 100vw, 1024px\" \/><button\n\t\t\tclass=\"lightbox-trigger\"\n\t\t\ttype=\"button\"\n\t\t\taria-haspopup=\"dialog\"\n\t\t\taria-label=\"Powi\u0119ksz\"\n\t\t\tdata-wp-init=\"callbacks.initTriggerButton\"\n\t\t\tdata-wp-on--click=\"actions.showLightbox\"\n\t\t\tdata-wp-style--right=\"state.imageButtonRight\"\n\t\t\tdata-wp-style--top=\"state.imageButtonTop\"\n\t\t>\n\t\t\t<svg xmlns=\"http:\/\/www.w3.org\/2000\/svg\" width=\"12\" height=\"12\" fill=\"none\" viewBox=\"0 0 12 12\">\n\t\t\t\t<path fill=\"#fff\" d=\"M2 0a2 2 0 0 0-2 2v2h1.5V2a.5.5 0 0 1 .5-.5h2V0H2Zm2 10.5H2a.5.5 0 0 1-.5-.5V8H0v2a2 2 0 0 0 2 2h2v-1.5ZM8 12v-1.5h2a.5.5 0 0 0 .5-.5V8H12v2a2 2 0 0 1-2 2H8Zm2-12a2 2 0 0 1 2 2v2h-1.5V2a.5.5 0 0 0-.5-.5H8V0h2Z\" \/>\n\t\t\t<\/svg>\n\t\t<\/button><\/figure>\n\n\n\n<figure data-wp-context=\"{&quot;imageId&quot;:&quot;6a04b00b82d1e&quot;}\" data-wp-interactive=\"core\/image\" data-wp-key=\"6a04b00b82d1e\" class=\"wp-block-image size-large wp-lightbox-container\"><img loading=\"lazy\" decoding=\"async\" width=\"1024\" height=\"683\" data-wp-class--hide=\"state.isContentHidden\" data-wp-class--show=\"state.isContentVisible\" data-wp-init=\"callbacks.setButtonStyles\" data-wp-on--click=\"actions.showLightbox\" data-wp-on--load=\"callbacks.setButtonStyles\" data-wp-on-window--resize=\"callbacks.setButtonStyles\" data-id=\"1244\" src=\"https:\/\/blekitek.pl\/wp-content\/uploads\/2026\/03\/DSF3252-1024x683.jpg\" alt=\"\" class=\"wp-image-1244\" srcset=\"http:\/\/blekitek.pl\/wp-content\/uploads\/2026\/03\/DSF3252-1024x683.jpg 1024w, http:\/\/blekitek.pl\/wp-content\/uploads\/2026\/03\/DSF3252-300x200.jpg 300w, http:\/\/blekitek.pl\/wp-content\/uploads\/2026\/03\/DSF3252-768x512.jpg 768w, http:\/\/blekitek.pl\/wp-content\/uploads\/2026\/03\/DSF3252-1536x1024.jpg 1536w, http:\/\/blekitek.pl\/wp-content\/uploads\/2026\/03\/DSF3252.jpg 1920w\" sizes=\"auto, (max-width: 1024px) 100vw, 1024px\" \/><button\n\t\t\tclass=\"lightbox-trigger\"\n\t\t\ttype=\"button\"\n\t\t\taria-haspopup=\"dialog\"\n\t\t\taria-label=\"Powi\u0119ksz\"\n\t\t\tdata-wp-init=\"callbacks.initTriggerButton\"\n\t\t\tdata-wp-on--click=\"actions.showLightbox\"\n\t\t\tdata-wp-style--right=\"state.imageButtonRight\"\n\t\t\tdata-wp-style--top=\"state.imageButtonTop\"\n\t\t>\n\t\t\t<svg xmlns=\"http:\/\/www.w3.org\/2000\/svg\" width=\"12\" height=\"12\" fill=\"none\" viewBox=\"0 0 12 12\">\n\t\t\t\t<path fill=\"#fff\" d=\"M2 0a2 2 0 0 0-2 2v2h1.5V2a.5.5 0 0 1 .5-.5h2V0H2Zm2 10.5H2a.5.5 0 0 1-.5-.5V8H0v2a2 2 0 0 0 2 2h2v-1.5ZM8 12v-1.5h2a.5.5 0 0 0 .5-.5V8H12v2a2 2 0 0 1-2 2H8Zm2-12a2 2 0 0 1 2 2v2h-1.5V2a.5.5 0 0 0-.5-.5H8V0h2Z\" \/>\n\t\t\t<\/svg>\n\t\t<\/button><\/figure>\n<\/figure>\n","protected":false},"excerpt":{"rendered":"<p>Jak zarezerwowa\u0107 malucha w hodowli B\u0142\u0119kitek ? Zapraszamy do kontaktu za pomoc\u0105 poczty elektronicznej kontakt@blekitek.eu lub numeru telefonu +48 510 623 383 Po rozmowie otrzymacie Pa\u0144stwo umow\u0119 kupna sprzeda\u017cy, w kt\u00f3rej nale\u017cy zap\u0142aci\u0107 zadatek w celu rezerwacji kotka. Otrzymujecie r\u00f3wnie\u017c nasz autorski poradnik, kt\u00f3ry odpowie na wi\u0119kszo\u015b\u0107 waszych pyta\u0144. Zgodnie z wymogami Federacji Felis Polonia [&hellip;]<\/p>\n","protected":false},"author":1,"featured_media":0,"parent":0,"menu_order":0,"comment_status":"closed","ping_status":"closed","template":"single-page-no-sidebar-full-width","meta":{"footnotes":""},"class_list":["post-40","page","type-page","status-publish","hentry"],"_links":{"self":[{"href":"http:\/\/blekitek.pl\/index.php\/wp-json\/wp\/v2\/pages\/40","targetHints":{"allow":["GET"]}}],"collection":[{"href":"http:\/\/blekitek.pl\/index.php\/wp-json\/wp\/v2\/pages"}],"about":[{"href":"http:\/\/blekitek.pl\/index.php\/wp-json\/wp\/v2\/types\/page"}],"author":[{"embeddable":true,"href":"http:\/\/blekitek.pl\/index.php\/wp-json\/wp\/v2\/users\/1"}],"replies":[{"embeddable":true,"href":"http:\/\/blekitek.pl\/index.php\/wp-json\/wp\/v2\/comments?post=40"}],"version-history":[{"count":162,"href":"http:\/\/blekitek.pl\/index.php\/wp-json\/wp\/v2\/pages\/40\/revisions"}],"predecessor-version":[{"id":1296,"href":"http:\/\/blekitek.pl\/index.php\/wp-json\/wp\/v2\/pages\/40\/revisions\/1296"}],"wp:attachment":[{"href":"http:\/\/blekitek.pl\/index.php\/wp-json\/wp\/v2\/media?parent=40"}],"curies":[{"name":"wp","href":"https:\/\/api.w.org\/{rel}","templated":true}]}}