{"id":874,"date":"2025-09-06T08:46:13","date_gmt":"2025-09-06T08:46:13","guid":{"rendered":"http:\/\/blekitek.pl\/?page_id=874"},"modified":"2026-02-17T06:24:00","modified_gmt":"2026-02-17T06:24:00","slug":"874-2","status":"publish","type":"page","link":"https:\/\/blekitek.pl\/index.php\/874-2\/","title":{"rendered":"Adopcje"},"content":{"rendered":"\n<h3 class=\"wp-block-heading\">Adopcja doros\u0142ych kotek<\/h3>\n\n\n\n<p>W naszej hodowli najwa\u017cniejsze jest dobro i szcz\u0119\u015bcie kot\u00f3w. Ka\u017cdy z naszych podopiecznych jest wyj\u0105tkowy \u2013 przez lata otacza\u0142 nas swoj\u0105 mi\u0142o\u015bci\u0105, obdarowywa\u0142 pi\u0119knym potomstwem i wnosi\u0142 wiele rado\u015bci do naszego domu. Z czasem jednak przychodzi moment, gdy ko\u0144cz\u0105 swoj\u0105 przygod\u0119 hodowlan\u0105 i zas\u0142uguj\u0105 na spokojne, pe\u0142ne ciep\u0142a \u017cycie w nowej rodzinie.<\/p>\n\n\n\n<p>Doros\u0142e koty, kt\u00f3re szukaj\u0105 dom\u00f3w, to zwierz\u0119ta u\u0142o\u017cone, dobrze socjalizowane i przyzwyczajone do kontaktu z cz\u0142owiekiem. Znamy ich charaktery, dlatego mo\u017cemy pom\u00f3c dopasowa\u0107 kota do odpowiedniej rodziny \u2013 czy b\u0119dzie to spokojny, cichy dom, czy bardziej aktywne otoczenie.<\/p>\n\n\n\n<p>Adopcja doros\u0142ego kota ma wiele zalet:<\/p>\n\n\n\n<ul class=\"wp-block-list\">\n<li>kotek ma ju\u017c ukszta\u0142towany charakter, wi\u0119c \u0142atwo przewidzie\u0107, jak b\u0119dzie si\u0119 zachowywa\u0107,<\/li>\n\n\n\n<li>nie wymaga intensywnego wychowania, jak koci\u0119,<\/li>\n\n\n\n<li>od razu staje si\u0119 wiernym i wdzi\u0119cznym towarzyszem.<\/li>\n<\/ul>\n\n\n\n<p>Oddaj\u0105c nasze koty do nowych dom\u00f3w, zawsze dbamy o to, by trafi\u0142y w odpowiednie r\u0119ce \u2013 takie, kt\u00f3re zapewni\u0105 im mi\u0142o\u015b\u0107, trosk\u0119 i bezpiecze\u0144stwo.<\/p>\n\n\n\n<p>Je\u015bli marzysz o kocim przyjacielu, kt\u00f3ry wniesie do Twojego \u017cycia spok\u00f3j, czu\u0142o\u015b\u0107 i ogromne serce, zapraszamy do kontaktu. Mo\u017ce w\u0142a\u015bnie u nas czeka na Ciebie Twoja wymarzona towarzyszka na lata.<\/p>\n\n\n\n<p>Wymagania dotycz\u0105ce adopcji:<\/p>\n\n\n\n<p>Wymagamy osiatkowania okien i zabezpieczenia balkon\u00f3w. Nie oddamy kota do &#8222;wychodz\u0105cych dom\u00f3w&#8221;, prosimy r\u00f3wnie\u017c o zwr\u00f3cenie uwagi na ro\u015bliny rosn\u0105ce w domu, kt\u00f3re mog\u0105 by\u0107 truj\u0105ce dla kota. <\/p>\n\n\n\n<p><\/p>\n\n\n\n<h3 class=\"wp-block-heading\">Adopcja p\u0142atna<\/h3>\n\n\n\n<p><\/p>\n","protected":false},"excerpt":{"rendered":"<p>Adopcja doros\u0142ych kotek W naszej hodowli najwa\u017cniejsze jest dobro i szcz\u0119\u015bcie kot\u00f3w. Ka\u017cdy z naszych podopiecznych jest wyj\u0105tkowy \u2013 przez lata otacza\u0142 nas swoj\u0105 mi\u0142o\u015bci\u0105, obdarowywa\u0142 pi\u0119knym potomstwem i wnosi\u0142 wiele rado\u015bci do naszego domu. Z czasem jednak przychodzi moment, gdy ko\u0144cz\u0105 swoj\u0105 przygod\u0119 hodowlan\u0105 i zas\u0142uguj\u0105 na spokojne, pe\u0142ne ciep\u0142a \u017cycie w nowej rodzinie. [&hellip;]<\/p>\n","protected":false},"author":1,"featured_media":0,"parent":0,"menu_order":0,"comment_status":"closed","ping_status":"closed","template":"single-page-no-sidebar-full-width","meta":{"footnotes":""},"class_list":["post-874","page","type-page","status-publish","hentry"],"_links":{"self":[{"href":"https:\/\/blekitek.pl\/index.php\/wp-json\/wp\/v2\/pages\/874","targetHints":{"allow":["GET"]}}],"collection":[{"href":"https:\/\/blekitek.pl\/index.php\/wp-json\/wp\/v2\/pages"}],"about":[{"href":"https:\/\/blekitek.pl\/index.php\/wp-json\/wp\/v2\/types\/page"}],"author":[{"embeddable":true,"href":"https:\/\/blekitek.pl\/index.php\/wp-json\/wp\/v2\/users\/1"}],"replies":[{"embeddable":true,"href":"https:\/\/blekitek.pl\/index.php\/wp-json\/wp\/v2\/comments?post=874"}],"version-history":[{"count":12,"href":"https:\/\/blekitek.pl\/index.php\/wp-json\/wp\/v2\/pages\/874\/revisions"}],"predecessor-version":[{"id":1137,"href":"https:\/\/blekitek.pl\/index.php\/wp-json\/wp\/v2\/pages\/874\/revisions\/1137"}],"wp:attachment":[{"href":"https:\/\/blekitek.pl\/index.php\/wp-json\/wp\/v2\/media?parent=874"}],"curies":[{"name":"wp","href":"https:\/\/api.w.org\/{rel}","templated":true}]}}